{"id":3492,"date":"2023-10-25T13:16:38","date_gmt":"2023-10-25T13:16:38","guid":{"rendered":"https:\/\/compactcube.com\/?page_id=3492"},"modified":"2024-05-03T00:53:39","modified_gmt":"2024-05-03T00:53:39","slug":"storage-cubes","status":"publish","type":"page","link":"http:\/\/compactcube.com\/fr\/storage-cubes\/","title":{"rendered":"Storage cubes"},"content":{"rendered":"\t\t<div data-elementor-type=\"wp-page\" data-elementor-id=\"3492\" class=\"elementor elementor-3492\" data-elementor-post-type=\"page\">\n\t\t\t\t<div class=\"has_ae_slider elementor-element elementor-element-278a384 e-con-full banner-d4 e-flex ae-bg-gallery-type-default e-con e-parent\" data-id=\"278a384\" data-element_type=\"container\" data-e-type=\"container\" data-settings=\"{&quot;background_background&quot;:&quot;classic&quot;}\">\n\t\t<div class=\"has_ae_slider elementor-element elementor-element-ffcda2b e-con-full e-flex ae-bg-gallery-type-default e-con e-child\" data-id=\"ffcda2b\" data-element_type=\"container\" data-e-type=\"container\" data-settings=\"{&quot;background_background&quot;:&quot;classic&quot;}\">\n\t\t\t\t<div class=\"elementor-element elementor-element-40a8e73 elementor-widget__width-initial elementor-widget elementor-widget-heading\" data-id=\"40a8e73\" data-element_type=\"widget\" data-e-type=\"widget\" data-no-translation=\"\" data-widget_type=\"heading.default\">\n\t\t\t\t<div class=\"elementor-widget-container\">\n\t\t\t\t\t<style>.elementor-element-40a8e73{display:none !important}<\/style>\t\t\t\t<\/div>\n\t\t\t\t<\/div>\n\t\t\t\t<div class=\"elementor-element elementor-element-4ccf489 elementor-widget__width-initial elementor-widget elementor-widget-heading\" data-id=\"4ccf489\" data-element_type=\"widget\" data-e-type=\"widget\" data-no-translation=\"\" data-widget_type=\"heading.default\">\n\t\t\t\t<div class=\"elementor-widget-container\">\n\t\t\t\t\t<h1 class=\"elementor-heading-title elementor-size-default\"><br><br><br>Louez un Conteneur et \u00c9conomisez Gros !<\/h1>\t\t\t\t<\/div>\n\t\t\t\t<\/div>\n\t\t\t\t<div class=\"elementor-element elementor-element-fa960f4 elementor-align-center elementor-widget__width-initial elementor-widget elementor-widget-button\" data-id=\"fa960f4\" data-element_type=\"widget\" data-e-type=\"widget\" data-no-translation=\"\" data-widget_type=\"button.default\">\n\t\t\t\t<div class=\"elementor-widget-container\">\n\t\t\t\t\t<style>.elementor-element-fa960f4{display:none !important}<\/style>\t\t\t\t<\/div>\n\t\t\t\t<\/div>\n\t\t\t\t<div class=\"elementor-element elementor-element-85f2b7a elementor-align-center elementor-widget__width-initial elementor-widget elementor-widget-button\" data-id=\"85f2b7a\" data-element_type=\"widget\" data-e-type=\"widget\" data-no-translation=\"\" data-widget_type=\"button.default\">\n\t\t\t\t<div class=\"elementor-widget-container\">\n\t\t\t\t\t\t\t\t\t<div class=\"elementor-button-wrapper\">\n\t\t\t\t\t<a class=\"elementor-button elementor-button-link elementor-size-lg elementor-animation-float\" href=\"http:\/\/compactcube.com\/fr\/get-a-quote\/\">\n\t\t\t\t\t\t<span class=\"elementor-button-content-wrapper\">\n\t\t\t\t\t\t\t\t\t<span class=\"elementor-button-text\">OBTENIR UNE SOUMISSION<\/span>\n\t\t\t\t\t<\/span>\n\t\t\t\t\t<\/a>\n\t\t\t\t<\/div>\n\t\t\t\t\t\t\t\t<\/div>\n\t\t\t\t<\/div>\n\t\t\t\t<\/div>\n\t\t\t\t<\/div>\n\t\t<div class=\"has_ae_slider elementor-element elementor-element-83fc14a e-flex e-con-boxed ae-bg-gallery-type-default e-con e-parent\" data-id=\"83fc14a\" data-element_type=\"container\" data-e-type=\"container\">\n\t\t\t\t\t<div class=\"e-con-inner\">\n\t\t<div class=\"has_ae_slider elementor-element elementor-element-811eced e-flex e-con-boxed ae-bg-gallery-type-default e-con e-child\" data-id=\"811eced\" data-element_type=\"container\" data-e-type=\"container\">\n\t\t\t\t\t<div class=\"e-con-inner\">\n\t\t\t\t<div class=\"elementor-element elementor-element-ae5e9af elementor-widget-tablet__width-initial elementor-widget elementor-widget-heading\" data-id=\"ae5e9af\" data-element_type=\"widget\" data-e-type=\"widget\" data-no-translation=\"\" data-widget_type=\"heading.default\">\n\t\t\t\t<div class=\"elementor-widget-container\">\n\t\t\t\t\t<style>.elementor-element-ae5e9af{display:none !important}<\/style>\t\t\t\t<\/div>\n\t\t\t\t<\/div>\n\t\t\t\t<div class=\"elementor-element elementor-element-1536c9f elementor-widget-tablet__width-initial elementor-widget elementor-widget-heading\" data-id=\"1536c9f\" data-element_type=\"widget\" data-e-type=\"widget\" data-no-translation=\"\" data-widget_type=\"heading.default\">\n\t\t\t\t<div class=\"elementor-widget-container\">\n\t\t\t\t\t<h2 class=\"elementor-heading-title elementor-size-default\">Location d'un conteneur ! <br> Plus de volume pour votre argent !<\/h2>\t\t\t\t<\/div>\n\t\t\t\t<\/div>\n\t\t\t\t<div class=\"elementor-element elementor-element-baf72d9 elementor-widget__width-initial elementor-widget elementor-widget-text-editor\" data-id=\"baf72d9\" data-element_type=\"widget\" data-e-type=\"widget\" data-no-translation=\"\" data-widget_type=\"text-editor.default\">\n\t\t\t\t<div class=\"elementor-widget-container\">\n\t\t\t\t\t<style>.elementor-element-baf72d9{display:none !important}<\/style>\t\t\t\t<\/div>\n\t\t\t\t<\/div>\n\t\t\t\t<div class=\"elementor-element elementor-element-0b833cc elementor-widget__width-initial elementor-widget elementor-widget-text-editor\" data-id=\"0b833cc\" data-element_type=\"widget\" data-e-type=\"widget\" data-no-translation=\"\" data-widget_type=\"text-editor.default\">\n\t\t\t\t<div class=\"elementor-widget-container\">\n\t\t\t\t\t\t\t\t\tCompact Cube propose le premier choix en mati\u00e8re de solutions mobiles d&#8217;entreposage sur le march\u00e9. Sp\u00e9cialement con\u00e7u pour les besoins de d\u00e9m\u00e9nagement et d&#8217;entreposage, notre conteneur mobile allie robustesse et durabilit\u00e9 gr\u00e2ce \u00e0 sa construction int\u00e9gralement en acier galvanis\u00e9, offrant une r\u00e9sistance in\u00e9gal\u00e9e aux conditions climatiques extr\u00eames du Canada.\r\n<br><br>Nos conteneurs d&#8217;entreposage mobiles sont con\u00e7us pour r\u00e9sister aux intemp\u00e9ries et aux intrusions de rongeurs, tout en garantissant un environnement int\u00e9rieur pr\u00e9serv\u00e9 de l&#8217;humidit\u00e9 et de la moisissure, avec un plancher antid\u00e9rapant assurant la s\u00e9curit\u00e9 des biens entrepos\u00e9s.\r\n<br><br>Dot\u00e9s d&#8217;un syst\u00e8me de verrouillage de porte hautement s\u00e9curis\u00e9, nos cubes offrent une protection renforc\u00e9e, les rendant extr\u00eamement difficiles \u00e0 acc\u00e9der une fois verrouill\u00e9s. Ils permettent un chargement ais\u00e9 au plancher, et offrent de multiples points d&#8217;attache pour s\u00e9curiser vos meubles et objets personnels.\r\n<br><br>De plus, chaque conteneur d&#8217;entreposage mobile subit un processus m\u00e9ticuleux en trois \u00e9tapes de nettoyage et de d\u00e9sinfection, assurant un niveau optimal de propret\u00e9 avant chaque nouvelle location. Cette d\u00e9marche, exclusive \u00e0 nos services, garantit une exp\u00e9rience sans pareille en mati\u00e8re d&#8217;entreposage mobile.\r\n<br><br>Pour toute assistance dans le choix du conteneur d&#8217;entreposage mobile le mieux adapt\u00e9 \u00e0 vos besoins, n&#8217;h\u00e9sitez pas \u00e0 contacter nos sp\u00e9cialistes au (514) 634-6565. Ils se tiennent \u00e0 votre disposition pour r\u00e9pondre \u00e0 toutes vos interrogations.\r\n\t\t\t\t\t\t\t\t<\/div>\n\t\t\t\t<\/div>\n\t\t\t\t<div class=\"elementor-element elementor-element-02797a2 elementor-widget__width-initial elementor-widget elementor-widget-image\" data-id=\"02797a2\" data-element_type=\"widget\" data-e-type=\"widget\" data-no-translation=\"\" data-widget_type=\"image.default\">\n\t\t\t\t<div class=\"elementor-widget-container\">\n\t\t\t\t\t<style>.elementor-element-02797a2{display:none !important}<\/style>\t\t\t\t<\/div>\n\t\t\t\t<\/div>\n\t\t\t\t<div class=\"elementor-element elementor-element-4aaa170 elementor-widget__width-initial elementor-widget elementor-widget-image\" data-id=\"4aaa170\" data-element_type=\"widget\" data-e-type=\"widget\" data-no-translation=\"\" data-widget_type=\"image.default\">\n\t\t\t\t<div class=\"elementor-widget-container\">\n\t\t\t\t\t\t\t\t\t\t\t\t\t\t\t<img decoding=\"async\" src=\"https:\/\/compactcube.com\/wp-content\/uploads\/elementor\/thumbs\/compact-cube-storage-cube-caracteristiques-scaled-qnldpx6xc42ei4khvv5foiu536wfzfse06gve9ljwo.webp\" title=\"Secure Storage Cubes: Weather-Proof, Rodent-Proof, High-Security\" alt=\"Secure storage: Weather-proof, rodent-proof, anti-mold, anti-slip cubes with high-security door.\" loading=\"lazy\" \/>\t\t\t\t\t\t\t\t\t\t\t\t\t\t\t<\/div>\n\t\t\t\t<\/div>\n\t\t\t\t\t<\/div>\n\t\t\t\t<\/div>\n\t\t\t\t\t<\/div>\n\t\t\t\t<\/div>\n\t\t<div class=\"has_ae_slider elementor-element elementor-element-a943ae3 e-flex e-con-boxed ae-bg-gallery-type-default e-con e-parent\" data-id=\"a943ae3\" data-element_type=\"container\" data-e-type=\"container\">\n\t\t\t\t\t<div class=\"e-con-inner\">\n\t\t\t\t<div class=\"elementor-element elementor-element-edeee7e elementor-grid-1 elementor-widget__width-initial elementor-widget-mobile__width-initial elementor-grid-tablet-2 elementor-grid-mobile-1 elementor-widget elementor-widget-loop-grid\" data-id=\"edeee7e\" data-element_type=\"widget\" data-e-type=\"widget\" data-settings=\"{&quot;template_id&quot;:&quot;11079&quot;,&quot;columns&quot;:1,&quot;pagination_type&quot;:&quot;load_more_infinite_scroll&quot;,&quot;row_gap&quot;:{&quot;unit&quot;:&quot;px&quot;,&quot;size&quot;:65,&quot;sizes&quot;:[]},&quot;_skin&quot;:&quot;post&quot;,&quot;columns_tablet&quot;:&quot;2&quot;,&quot;columns_mobile&quot;:&quot;1&quot;,&quot;edit_handle_selector&quot;:&quot;[data-elementor-type=\\&quot;loop-item\\&quot;]&quot;,&quot;load_more_spinner&quot;:{&quot;value&quot;:&quot;fas fa-spinner&quot;,&quot;library&quot;:&quot;fa-solid&quot;},&quot;row_gap_tablet&quot;:{&quot;unit&quot;:&quot;px&quot;,&quot;size&quot;:&quot;&quot;,&quot;sizes&quot;:[]},&quot;row_gap_mobile&quot;:{&quot;unit&quot;:&quot;px&quot;,&quot;size&quot;:&quot;&quot;,&quot;sizes&quot;:[]}}\" data-widget_type=\"loop-grid.post\">\n\t\t\t\t<div class=\"elementor-widget-container\">\n\t\t\t\t\t\t\t<div class=\"elementor-loop-container elementor-grid\" role=\"list\">\n\t\t<style id=\"loop-11079\">.elementor-11079 .elementor-element.elementor-element-426a902b{--display:flex;--flex-direction:row;--container-widget-width:initial;--container-widget-height:100%;--container-widget-flex-grow:1;--container-widget-align-self:stretch;--flex-wrap-mobile:wrap;--gap:1px 1px;--row-gap:1px;--column-gap:1px;--margin-top:0px;--margin-bottom:0px;--margin-left:0px;--margin-right:0px;--padding-top:0px;--padding-bottom:0px;--padding-left:0px;--padding-right:0px;}.elementor-11079 .elementor-element.elementor-element-426a902b.e-con{--flex-grow:0;--flex-shrink:0;}.elementor-11079 .elementor-element.elementor-element-1c92bc4b{--display:flex;}.elementor-11079 .elementor-element.elementor-element-1c92bc4b.e-con{--align-self:center;--flex-grow:0;--flex-shrink:0;}.elementor-widget-heading .elementor-heading-title{font-family:var( --e-global-typography-primary-font-family ), Sans-serif;font-weight:var( --e-global-typography-primary-font-weight );color:var( --e-global-color-primary );}.elementor-11079 .elementor-element.elementor-element-73d9396e{text-align:start;}.elementor-11079 .elementor-element.elementor-element-73d9396e .elementor-heading-title{font-family:\"Roboto\", Sans-serif;font-size:45px;font-weight:600;color:var( --e-global-color-a2038d8 );}.elementor-11079 .elementor-element.elementor-element-73d9396e > .elementor-widget-container{padding:0px 0px 20px 0px;}.elementor-widget-text-editor{font-family:var( --e-global-typography-text-font-family ), Sans-serif;font-weight:var( --e-global-typography-text-font-weight );color:var( --e-global-color-text );}.elementor-widget-text-editor.elementor-drop-cap-view-stacked .elementor-drop-cap{background-color:var( --e-global-color-primary );}.elementor-widget-text-editor.elementor-drop-cap-view-framed .elementor-drop-cap, .elementor-widget-text-editor.elementor-drop-cap-view-default .elementor-drop-cap{color:var( --e-global-color-primary );border-color:var( --e-global-color-primary );}.elementor-11079 .elementor-element.elementor-element-9f708a2{column-gap:0px;font-family:\"Roboto\", Sans-serif;font-size:16px;font-weight:400;color:var( --e-global-color-a2038d8 );width:initial;max-width:initial;}.elementor-11079 .elementor-element.elementor-element-9f708a2 > .elementor-widget-container{padding:0px 0px 20px 0px;}.elementor-11079 .elementor-element.elementor-element-7b3d4105{text-align:start;}.elementor-11079 .elementor-element.elementor-element-7b3d4105 .elementor-heading-title{font-family:\"Roboto\", Sans-serif;font-size:45px;font-weight:600;color:var( --e-global-color-a2038d8 );}.elementor-11079 .elementor-element.elementor-element-7b3d4105 > .elementor-widget-container{padding:0px 0px 20px 0px;}.elementor-11079 .elementor-element.elementor-element-32b7748c{column-gap:0px;font-family:\"Roboto\", Sans-serif;font-size:16px;font-weight:400;color:var( --e-global-color-a2038d8 );width:initial;max-width:initial;}.elementor-11079 .elementor-element.elementor-element-32b7748c > .elementor-widget-container{padding:0px 0px 20px 0px;}.elementor-11079 .elementor-element.elementor-element-300e92ce{--display:flex;--flex-direction:row-reverse;--container-widget-width:calc( ( 1 - var( --container-widget-flex-grow ) ) * 100% );--container-widget-height:100%;--container-widget-flex-grow:1;--container-widget-align-self:stretch;--flex-wrap-mobile:wrap-reverse;--justify-content:flex-start;--align-items:center;--padding-top:0px;--padding-bottom:0px;--padding-left:0px;--padding-right:0px;}.elementor-11079 .elementor-element.elementor-element-300e92ce.e-con{--align-self:center;--flex-grow:0;--flex-shrink:0;}.elementor-widget-image .widget-image-caption{color:var( --e-global-color-text );font-family:var( --e-global-typography-text-font-family ), Sans-serif;font-weight:var( --e-global-typography-text-font-weight );}@media(max-width:1023px){.elementor-11079 .elementor-element.elementor-element-73d9396e{text-align:center;width:var( --container-widget-width, 597px );max-width:597px;--container-widget-width:597px;--container-widget-flex-grow:0;}.elementor-11079 .elementor-element.elementor-element-7b3d4105{text-align:center;width:var( --container-widget-width, 597px );max-width:597px;--container-widget-width:597px;--container-widget-flex-grow:0;}}@media(min-width:768px){.elementor-11079 .elementor-element.elementor-element-426a902b{--width:100%;}.elementor-11079 .elementor-element.elementor-element-1c92bc4b{--width:40%;}.elementor-11079 .elementor-element.elementor-element-300e92ce{--width:60%;}}@media(max-width:767px){.elementor-11079 .elementor-element.elementor-element-426a902b{--width:100%;--gap:0px 0px;--row-gap:0px;--column-gap:0px;--padding-top:10px;--padding-bottom:10px;--padding-left:10px;--padding-right:10px;}.elementor-11079 .elementor-element.elementor-element-1c92bc4b{--gap:0px 0px;--row-gap:0px;--column-gap:0px;--margin-top:0px;--margin-bottom:0px;--margin-left:0px;--margin-right:0px;--padding-top:0px;--padding-bottom:0px;--padding-left:0px;--padding-right:0px;}.elementor-11079 .elementor-element.elementor-element-73d9396e{width:100%;max-width:100%;}.elementor-11079 .elementor-element.elementor-element-9f708a2{columns:1;}.elementor-11079 .elementor-element.elementor-element-7b3d4105{width:100%;max-width:100%;}.elementor-11079 .elementor-element.elementor-element-32b7748c{columns:1;}.elementor-11079 .elementor-element.elementor-element-300e92ce{--padding-top:0px;--padding-bottom:0px;--padding-left:0px;--padding-right:0px;}.elementor-11079 .elementor-element.elementor-element-3b41eb46{width:100%;max-width:100%;}}<\/style>\t\t<div data-elementor-type=\"loop-item\" data-elementor-id=\"11079\" class=\"elementor elementor-11079 e-loop-item e-loop-item-10674 post-10674 storage_cube type-storage_cube status-publish has-post-thumbnail hentry\" data-elementor-post-type=\"elementor_library\" data-custom-edit-handle=\"1\">\n\t\t\t<div class=\"has_ae_slider elementor-element elementor-element-426a902b e-con-full e-flex ae-bg-gallery-type-default e-con e-parent\" data-id=\"426a902b\" data-element_type=\"container\" data-e-type=\"container\">\n\t\t<div class=\"has_ae_slider elementor-element elementor-element-1c92bc4b e-con-full e-flex ae-bg-gallery-type-default e-con e-child\" data-id=\"1c92bc4b\" data-element_type=\"container\" data-e-type=\"container\">\n\t\t\t\t<div class=\"elementor-element elementor-element-73d9396e elementor-widget-tablet__width-initial elementor-widget-mobile__width-inherit elementor-widget elementor-widget-heading\" data-id=\"73d9396e\" data-element_type=\"widget\" data-e-type=\"widget\" data-no-translation=\"\" data-widget_type=\"heading.default\">\n\t\t\t\t<div class=\"elementor-widget-container\">\n\t\t\t\t\t<style>.elementor-element-73d9396e{display:none !important}<\/style>\t\t\t\t<\/div>\n\t\t\t\t<\/div>\n\t\t\t\t<div class=\"elementor-element elementor-element-9f708a2 elementor-widget__width-initial elementor-widget elementor-widget-text-editor\" data-id=\"9f708a2\" data-element_type=\"widget\" data-e-type=\"widget\" data-no-translation=\"\" data-widget_type=\"text-editor.default\">\n\t\t\t\t<div class=\"elementor-widget-container\">\n\t\t\t\t\t<style>.elementor-element-9f708a2{display:none !important}<\/style>\t\t\t\t<\/div>\n\t\t\t\t<\/div>\n\t\t\t\t<div class=\"elementor-element elementor-element-7b3d4105 elementor-widget-tablet__width-initial elementor-widget-mobile__width-inherit elementor-widget elementor-widget-heading\" data-id=\"7b3d4105\" data-element_type=\"widget\" data-e-type=\"widget\" data-no-translation=\"\" data-widget_type=\"heading.default\">\n\t\t\t\t<div class=\"elementor-widget-container\">\n\t\t\t\t\t<h2 class=\"elementor-heading-title elementor-size-default\"><span style='font-size: 65%'>Que peut-on entreposer dans un conteneur de 16 pieds ?<\/span><\/h2>\t\t\t\t<\/div>\n\t\t\t\t<\/div>\n\t\t\t\t<div class=\"elementor-element elementor-element-32b7748c elementor-widget__width-initial elementor-widget elementor-widget-text-editor\" data-id=\"32b7748c\" data-element_type=\"widget\" data-e-type=\"widget\" data-no-translation=\"\" data-widget_type=\"text-editor.default\">\n\t\t\t\t<div class=\"elementor-widget-container\">\n\t\t\t\t\t\t\t\t\t<p>Ce cube repr\u00e9sente la solution optimale pour le d\u00e9m\u00e9nagement et l&#8217;entreposage d&#8217;un appartement meubl\u00e9 de 3 \u00bd ou 4 \u00bd pi\u00e8ces, ou d&#8217;une maison \u00e9quip\u00e9e de 2 chambres \u00e0 coucher, comprenant :<\/p>\n<p>1 ou 2 chambres \u00e0 coucher avec des ensembles de lits et quelques meubles de chambre, 2 ou 3 appareils \u00e9lectrom\u00e9nagers, une salle \u00e0 manger avec une table et des chaises, un salon avec un canap\u00e9 \u00e0 3 places et quelques meubles de salon. En outre, vous pouvez \u00e9galement entreposer des meubles de terrasse, un v\u00e9lo tout-terrain, environ 75 cartons (2 pieds cubes) et plusieurs autres petits objets divers.<\/p>\n\t\t\t\t\t\t\t\t<\/div>\n\t\t\t\t<\/div>\n\t\t\t\t<\/div>\n\t\t<div class=\"has_ae_slider elementor-element elementor-element-300e92ce e-con-full e-flex ae-bg-gallery-type-default e-con e-child\" data-id=\"300e92ce\" data-element_type=\"container\" data-e-type=\"container\">\n\t\t\t\t<div class=\"elementor-element elementor-element-3b41eb46 elementor-widget-mobile__width-inherit elementor-widget elementor-widget-image\" data-id=\"3b41eb46\" data-element_type=\"widget\" data-e-type=\"widget\" data-widget_type=\"image.default\">\n\t\t\t\t<div class=\"elementor-widget-container\">\n\t\t\t\t\t\t\t\t\t\t\t\t\t\t\t<img decoding=\"async\" src=\"https:\/\/compactcube.com\/wp-content\/uploads\/elementor\/thumbs\/compact-cube-storage-cube-size-16ft-scaled-qmrl7pf2r74m45wt4b8l7rqh58hyfmi1pbyq8ulu86.webp\" title=\"Perfect Storage for 2-Bedroom Home and More\" alt=\"16 ft cube storage: Ideal for 2-bedroom home, appliances, furniture, and more.\" loading=\"lazy\" \/>\t\t\t\t\t\t\t\t\t\t\t\t\t\t\t<\/div>\n\t\t\t\t<\/div>\n\t\t\t\t<\/div>\n\t\t\t\t<\/div>\n\t\t\t\t<\/div>\n\t\t\t\t<div data-elementor-type=\"loop-item\" data-elementor-id=\"11079\" class=\"elementor elementor-11079 e-loop-item e-loop-item-10673 post-10673 storage_cube type-storage_cube status-publish has-post-thumbnail hentry\" data-elementor-post-type=\"elementor_library\" data-custom-edit-handle=\"1\">\n\t\t\t<div class=\"has_ae_slider elementor-element elementor-element-426a902b e-con-full e-flex ae-bg-gallery-type-default e-con e-parent\" data-id=\"426a902b\" data-element_type=\"container\" data-e-type=\"container\">\n\t\t<div class=\"has_ae_slider elementor-element elementor-element-1c92bc4b e-con-full e-flex ae-bg-gallery-type-default e-con e-child\" data-id=\"1c92bc4b\" data-element_type=\"container\" data-e-type=\"container\">\n\t\t\t\t<div class=\"elementor-element elementor-element-73d9396e elementor-widget-tablet__width-initial elementor-widget-mobile__width-inherit elementor-widget elementor-widget-heading\" data-id=\"73d9396e\" data-element_type=\"widget\" data-e-type=\"widget\" data-no-translation=\"\" data-widget_type=\"heading.default\">\n\t\t\t\t<div class=\"elementor-widget-container\">\n\t\t\t\t\t<style>.elementor-element-73d9396e{display:none !important}<\/style>\t\t\t\t<\/div>\n\t\t\t\t<\/div>\n\t\t\t\t<div class=\"elementor-element elementor-element-9f708a2 elementor-widget__width-initial elementor-widget elementor-widget-text-editor\" data-id=\"9f708a2\" data-element_type=\"widget\" data-e-type=\"widget\" data-no-translation=\"\" data-widget_type=\"text-editor.default\">\n\t\t\t\t<div class=\"elementor-widget-container\">\n\t\t\t\t\t<style>.elementor-element-9f708a2{display:none !important}<\/style>\t\t\t\t<\/div>\n\t\t\t\t<\/div>\n\t\t\t\t<div class=\"elementor-element elementor-element-7b3d4105 elementor-widget-tablet__width-initial elementor-widget-mobile__width-inherit elementor-widget elementor-widget-heading\" data-id=\"7b3d4105\" data-element_type=\"widget\" data-e-type=\"widget\" data-no-translation=\"\" data-widget_type=\"heading.default\">\n\t\t\t\t<div class=\"elementor-widget-container\">\n\t\t\t\t\t<h2 class=\"elementor-heading-title elementor-size-default\"><span style='font-size: 65%'>Que peut-on entreposer dans un conteneur de 20 pieds ?<\/span><\/h2>\t\t\t\t<\/div>\n\t\t\t\t<\/div>\n\t\t\t\t<div class=\"elementor-element elementor-element-32b7748c elementor-widget__width-initial elementor-widget elementor-widget-text-editor\" data-id=\"32b7748c\" data-element_type=\"widget\" data-e-type=\"widget\" data-no-translation=\"\" data-widget_type=\"text-editor.default\">\n\t\t\t\t<div class=\"elementor-widget-container\">\n\t\t\t\t\t\t\t\t\t<p>Ce cube repr\u00e9sente la solution optimale pour le d\u00e9m\u00e9nagement et l&#8217;entreposage d&#8217;un appartement meubl\u00e9 de 4 \u00bd ou 5 \u00bd pi\u00e8ces, ou d&#8217;une maison \u00e9quip\u00e9e de 3 chambres \u00e0 coucher, comprenant :<\/p>\n<p>2 ou 3 chambres \u00e0 coucher avec des ensembles de lits et quelques meubles de chambre, 3 ou 4 appareils \u00e9lectrom\u00e9nagers, une salle \u00e0 manger avec une table et des chaises, un salon avec un canap\u00e9 3 places et quelques meubles de salon. En outre, vous pouvez \u00e9galement stocker des meubles de terrasse, un v\u00e9lo tout-terrain, environ 100 cartons (2 pieds cubes) et plusieurs autres petits objets divers.<\/p>\n\t\t\t\t\t\t\t\t<\/div>\n\t\t\t\t<\/div>\n\t\t\t\t<\/div>\n\t\t<div class=\"has_ae_slider elementor-element elementor-element-300e92ce e-con-full e-flex ae-bg-gallery-type-default e-con e-child\" data-id=\"300e92ce\" data-element_type=\"container\" data-e-type=\"container\">\n\t\t\t\t<div class=\"elementor-element elementor-element-3b41eb46 elementor-widget-mobile__width-inherit elementor-widget elementor-widget-image\" data-id=\"3b41eb46\" data-element_type=\"widget\" data-e-type=\"widget\" data-widget_type=\"image.default\">\n\t\t\t\t<div class=\"elementor-widget-container\">\n\t\t\t\t\t\t\t\t\t\t\t\t\t\t\t<img decoding=\"async\" src=\"https:\/\/compactcube.com\/wp-content\/uploads\/elementor\/thumbs\/compact-cube-storage-cube-size-20ft-scaled-qmrl90f08wwy8o0jhvjxofviui2b4homjsl08oo5l2.webp\" title=\"20 ft Cube Storage: Ideal for 3-Bedroom Homes and More\" alt=\"20 ft cube storage: Perfect for 3-bedroom homes, appliances, furniture, and more.\" loading=\"lazy\" \/>\t\t\t\t\t\t\t\t\t\t\t\t\t\t\t<\/div>\n\t\t\t\t<\/div>\n\t\t\t\t<\/div>\n\t\t\t\t<\/div>\n\t\t\t\t<\/div>\n\t\t\t\t<\/div>\n\t\t\t\t\t<span class=\"e-load-more-spinner\">\n\t\t\t\t<svg aria-hidden=\"true\" class=\"e-font-icon-svg e-fas-spinner\" viewBox=\"0 0 512 512\" xmlns=\"http:\/\/www.w3.org\/2000\/svg\"><path d=\"M304 48c0 26.51-21.49 48-48 48s-48-21.49-48-48 21.49-48 48-48 48 21.49 48 48zm-48 368c-26.51 0-48 21.49-48 48s21.49 48 48 48 48-21.49 48-48-21.49-48-48-48zm208-208c-26.51 0-48 21.49-48 48s21.49 48 48 48 48-21.49 48-48-21.49-48-48-48zM96 256c0-26.51-21.49-48-48-48S0 229.49 0 256s21.49 48 48 48 48-21.49 48-48zm12.922 99.078c-26.51 0-48 21.49-48 48s21.49 48 48 48 48-21.49 48-48c0-26.509-21.491-48-48-48zm294.156 0c-26.51 0-48 21.49-48 48s21.49 48 48 48 48-21.49 48-48c0-26.509-21.49-48-48-48zM108.922 60.922c-26.51 0-48 21.49-48 48s21.49 48 48 48 48-21.49 48-48-21.491-48-48-48z\"><\/path><\/svg>\t\t\t<\/span>\n\t\t\n\t\t\t\t\t\t<\/div>\n\t\t\t\t<\/div>\n\t\t\t\t\t<\/div>\n\t\t\t\t<\/div>\n\t\t\t\t<\/div>\n\t\t","protected":false},"excerpt":{"rendered":"","protected":false},"author":5,"featured_media":0,"parent":0,"menu_order":0,"comment_status":"closed","ping_status":"closed","template":"elementor_header_footer","meta":{"_acf_changed":false,"nf_dc_page":"","footnotes":""},"class_list":["post-3492","page","type-page","status-publish","hentry"],"acf":[],"aioseo_notices":[],"_links":{"self":[{"href":"http:\/\/compactcube.com\/fr\/wp-json\/wp\/v2\/pages\/3492","targetHints":{"allow":["GET"]}}],"collection":[{"href":"http:\/\/compactcube.com\/fr\/wp-json\/wp\/v2\/pages"}],"about":[{"href":"http:\/\/compactcube.com\/fr\/wp-json\/wp\/v2\/types\/page"}],"author":[{"embeddable":true,"href":"http:\/\/compactcube.com\/fr\/wp-json\/wp\/v2\/users\/5"}],"replies":[{"embeddable":true,"href":"http:\/\/compactcube.com\/fr\/wp-json\/wp\/v2\/comments?post=3492"}],"version-history":[{"count":5,"href":"http:\/\/compactcube.com\/fr\/wp-json\/wp\/v2\/pages\/3492\/revisions"}],"predecessor-version":[{"id":11475,"href":"http:\/\/compactcube.com\/fr\/wp-json\/wp\/v2\/pages\/3492\/revisions\/11475"}],"wp:attachment":[{"href":"http:\/\/compactcube.com\/fr\/wp-json\/wp\/v2\/media?parent=3492"}],"curies":[{"name":"wp","href":"https:\/\/api.w.org\/{rel}","templated":true}]}}