{"id":3233,"date":"2023-10-24T10:05:56","date_gmt":"2023-10-24T10:05:56","guid":{"rendered":"https:\/\/compactcube.com\/?page_id=3233"},"modified":"2024-04-17T21:51:35","modified_gmt":"2024-04-17T21:51:35","slug":"storage-facilities","status":"publish","type":"page","link":"http:\/\/compactcube.com\/fr\/storage-facilities\/","title":{"rendered":"Site d\u2019Entreposage"},"content":{"rendered":"<div data-elementor-type=\"wp-page\" data-elementor-id=\"3233\" class=\"elementor elementor-3233\" data-elementor-post-type=\"page\">\n\t\t\t\t<div class=\"has_ae_slider elementor-element elementor-element-e896eee e-con-full banner-d4 e-flex ae-bg-gallery-type-default e-con e-parent\" data-id=\"e896eee\" data-element_type=\"container\" data-e-type=\"container\" data-settings=\"{&quot;background_background&quot;:&quot;classic&quot;}\">\n\t\t<div class=\"has_ae_slider elementor-element elementor-element-5e58ba5 e-con-full e-flex ae-bg-gallery-type-default e-con e-child\" data-id=\"5e58ba5\" data-element_type=\"container\" data-e-type=\"container\" data-settings=\"{&quot;background_background&quot;:&quot;classic&quot;}\">\n\t\t\t\t<div class=\"elementor-element elementor-element-de3450a elementor-widget__width-initial elementor-widget-tablet__width-inherit elementor-widget elementor-widget-heading\" data-id=\"de3450a\" data-element_type=\"widget\" data-e-type=\"widget\" data-no-translation=\"\" data-widget_type=\"heading.default\">\n\t\t\t\t<div class=\"elementor-widget-container\">\n\t\t\t\t\t<style>.elementor-element-de3450a{display:none !important}<\/style>\t\t\t\t<\/div>\n\t\t\t\t<\/div>\n\t\t\t\t<div class=\"elementor-element elementor-element-af7fdf1 elementor-widget__width-initial elementor-widget-tablet__width-inherit elementor-widget elementor-widget-heading\" data-id=\"af7fdf1\" data-element_type=\"widget\" data-e-type=\"widget\" data-no-translation=\"\" data-widget_type=\"heading.default\">\n\t\t\t\t<div class=\"elementor-widget-container\">\n\t\t\t\t\t<h2 class=\"elementor-heading-title elementor-size-default\">Un Site de d'Entreposage S\u00e9curis\u00e9<\/h2>\t\t\t\t<\/div>\n\t\t\t\t<\/div>\n\t\t\t\t<div class=\"elementor-element elementor-element-0ccfd6b elementor-align-center elementor-widget__width-initial elementor-widget elementor-widget-button\" data-id=\"0ccfd6b\" data-element_type=\"widget\" data-e-type=\"widget\" data-no-translation=\"\" data-widget_type=\"button.default\">\n\t\t\t\t<div class=\"elementor-widget-container\">\n\t\t\t\t\t<style>.elementor-element-0ccfd6b{display:none !important}<\/style>\t\t\t\t<\/div>\n\t\t\t\t<\/div>\n\t\t\t\t<div class=\"elementor-element elementor-element-0a1edf8 elementor-align-center elementor-widget__width-initial elementor-widget elementor-widget-button\" data-id=\"0a1edf8\" data-element_type=\"widget\" data-e-type=\"widget\" data-no-translation=\"\" data-widget_type=\"button.default\">\n\t\t\t\t<div class=\"elementor-widget-container\">\n\t\t\t\t\t\t\t\t\t<div class=\"elementor-button-wrapper\">\n\t\t\t\t\t<a class=\"elementor-button elementor-button-link elementor-size-lg elementor-animation-float\" href=\"http:\/\/compactcube.com\/fr\/get-a-quote\/\">\n\t\t\t\t\t\t<span class=\"elementor-button-content-wrapper\">\n\t\t\t\t\t\t\t\t\t<span class=\"elementor-button-text\">OBTENIR UNE SOUMISSION<\/span>\n\t\t\t\t\t<\/span>\n\t\t\t\t\t<\/a>\n\t\t\t\t<\/div>\n\t\t\t\t\t\t\t\t<\/div>\n\t\t\t\t<\/div>\n\t\t\t\t<\/div>\n\t\t\t\t<\/div>\n\t\t<div class=\"has_ae_slider elementor-element elementor-element-0371536 e-flex e-con-boxed ae-bg-gallery-type-default e-con e-parent\" data-id=\"0371536\" data-element_type=\"container\" data-e-type=\"container\">\n\t\t\t\t\t<div class=\"e-con-inner\">\n\t\t<div class=\"has_ae_slider elementor-element elementor-element-094a3b0 e-flex e-con-boxed ae-bg-gallery-type-default e-con e-child\" data-id=\"094a3b0\" data-element_type=\"container\" data-e-type=\"container\">\n\t\t\t\t\t<div class=\"e-con-inner\">\n\t\t\t\t<div class=\"elementor-element elementor-element-20fec45 elementor-widget-tablet__width-initial elementor-widget elementor-widget-heading\" data-id=\"20fec45\" data-element_type=\"widget\" data-e-type=\"widget\" data-no-translation=\"\" data-widget_type=\"heading.default\">\n\t\t\t\t<div class=\"elementor-widget-container\">\n\t\t\t\t\t<style>.elementor-element-20fec45{display:none !important}<\/style>\t\t\t\t<\/div>\n\t\t\t\t<\/div>\n\t\t\t\t<div class=\"elementor-element elementor-element-6ca0a2e elementor-widget-tablet__width-initial elementor-widget elementor-widget-heading\" data-id=\"6ca0a2e\" data-element_type=\"widget\" data-e-type=\"widget\" data-no-translation=\"\" data-widget_type=\"heading.default\">\n\t\t\t\t<div class=\"elementor-widget-container\">\n\t\t\t\t\t<h2 class=\"elementor-heading-title elementor-size-default\">Nous facilitons les choses !<\/h2>\t\t\t\t<\/div>\n\t\t\t\t<\/div>\n\t\t\t\t<div class=\"elementor-element elementor-element-e7ed559 elementor-widget__width-initial elementor-widget elementor-widget-text-editor\" data-id=\"e7ed559\" data-element_type=\"widget\" data-e-type=\"widget\" data-no-translation=\"\" data-widget_type=\"text-editor.default\">\n\t\t\t\t<div class=\"elementor-widget-container\">\n\t\t\t\t\t<style>.elementor-element-e7ed559{display:none !important}<\/style>\t\t\t\t<\/div>\n\t\t\t\t<\/div>\n\t\t\t\t<div class=\"elementor-element elementor-element-b068840 elementor-widget__width-initial elementor-widget elementor-widget-text-editor\" data-id=\"b068840\" data-element_type=\"widget\" data-e-type=\"widget\" data-no-translation=\"\" data-widget_type=\"text-editor.default\">\n\t\t\t\t<div class=\"elementor-widget-container\">\n\t\t\t\t\t\t\t\t\tChez Compact Cube, notre priorit\u00e9 est d&#8217;offrir un entreposage s\u00e9curitaire et accessible \u00e0 votre cube, garantissant ainsi une protection continue 24 heures sur 24, 7 jours sur 7.\r\n<br><br>Notre entrep\u00f4t int\u00e9rieur b\u00e9n\u00e9ficie d&#8217;un chauffage optimal et d&#8217;une ventilation efficace, tout en \u00e9tant \u00e9quip\u00e9 d&#8217;un syst\u00e8me de s\u00e9curit\u00e9 de pointe comprenant des alarmes et des cam\u00e9ras de surveillance. De plus, il est enti\u00e8rement cl\u00f4tur\u00e9 par une barri\u00e8re centrale, assurant ainsi un niveau de s\u00e9curit\u00e9 suppl\u00e9mentaire. Nous maintenons nos installations dans un \u00e9tat de propret\u00e9 exemplaire gr\u00e2ce \u00e0 un entretien rigoureux, ce qui inclut des mesures pr\u00e9ventives pour prot\u00e9ger contre les rongeurs et les insectes.\r\n\t\t\t\t\t\t\t\t<\/div>\n\t\t\t\t<\/div>\n\t\t\t\t<div class=\"elementor-element elementor-element-214e27c elementor-widget__width-initial elementor-widget elementor-widget-image\" data-id=\"214e27c\" data-element_type=\"widget\" data-e-type=\"widget\" data-widget_type=\"image.default\">\n\t\t\t\t<div class=\"elementor-widget-container\">\n\t\t\t\t\t\t\t\t\t\t\t\t\t\t\t<img decoding=\"async\" src=\"https:\/\/compactcube.com\/wp-content\/uploads\/elementor\/thumbs\/compact-cube-storage-facilities-chariot-elevateur-qmsn63h30wksbwyopp7vgn74vyb6bzcacuabeyezq2.webp\" title=\"Quick Access Cube Storage: Convenient &#038; Secure\" alt=\"Secure cube storage: Quick access, 48-hour notice. Convenient delivery. Store with peace of mind.\" loading=\"lazy\" \/>\t\t\t\t\t\t\t\t\t\t\t\t\t\t\t<\/div>\n\t\t\t\t<\/div>\n\t\t\t\t\t<\/div>\n\t\t\t\t<\/div>\n\t\t\t\t\t<\/div>\n\t\t\t\t<\/div>\n\t\t<div class=\"has_ae_slider elementor-element elementor-element-1e8c499 e-flex e-con-boxed ae-bg-gallery-type-default e-con e-parent\" data-id=\"1e8c499\" data-element_type=\"container\" data-e-type=\"container\">\n\t\t\t\t\t<div class=\"e-con-inner\">\n\t\t<div class=\"has_ae_slider elementor-element elementor-element-f2047dd e-flex e-con-boxed ae-bg-gallery-type-default e-con e-child\" data-id=\"f2047dd\" data-element_type=\"container\" data-e-type=\"container\">\n\t\t\t\t\t<div class=\"e-con-inner\">\n\t\t\t\t<div class=\"elementor-element elementor-element-566729e elementor-widget__width-initial elementor-widget elementor-widget-text-editor\" data-id=\"566729e\" data-element_type=\"widget\" data-e-type=\"widget\" data-no-translation=\"\" data-widget_type=\"text-editor.default\">\n\t\t\t\t<div class=\"elementor-widget-container\">\n\t\t\t\t\t<style>.elementor-element-566729e{display:none !important}<\/style>\t\t\t\t<\/div>\n\t\t\t\t<\/div>\n\t\t\t\t<div class=\"elementor-element elementor-element-b3a3d15 elementor-widget__width-initial elementor-widget elementor-widget-text-editor\" data-id=\"b3a3d15\" data-element_type=\"widget\" data-e-type=\"widget\" data-no-translation=\"\" data-widget_type=\"text-editor.default\">\n\t\t\t\t<div class=\"elementor-widget-container\">\n\t\t\t\t\t\t\t\t\tEn cas de besoin d&#8217;acc\u00e8s \u00e0 votre cube d&#8217;entreposage plac\u00e9 dans notre entrep\u00f4t pour r\u00e9cup\u00e9rer un objet personnel, il vous suffit de nous en aviser 48 heures \u00e0 l&#8217;avance. Nous veillerons alors \u00e0 ce que votre cube soit plac\u00e9 dans une zone exclusive s\u00e9curis\u00e9e, accessible pendant nos heures d&#8217;ouverture, ou encore nous pouvons organiser sa livraison \u00e0 l&#8217;endroit de votre choix.\r\n<br><br>Il est essentiel de souligner que nos entrep\u00f4ts sont ferm\u00e9s et s\u00e9curis\u00e9s pendant la nuit, offrant ainsi une protection maximale. Cela vous permet de b\u00e9n\u00e9ficier d&#8217;une tranquillit\u00e9 d&#8217;esprit totale, en sachant que vos biens personnels et vos meubles sont entrepos\u00e9s dans un environnement s\u00fbr et prot\u00e9g\u00e9.\r\n\t\t\t\t\t\t\t\t<\/div>\n\t\t\t\t<\/div>\n\t\t\t\t<div class=\"elementor-element elementor-element-0908a8e elementor-widget__width-initial elementor-widget-mobile__width-inherit elementor-widget elementor-widget-image\" data-id=\"0908a8e\" data-element_type=\"widget\" data-e-type=\"widget\" data-widget_type=\"image.default\">\n\t\t\t\t<div class=\"elementor-widget-container\">\n\t\t\t\t\t\t\t\t\t\t\t\t\t\t\t<img decoding=\"async\" src=\"https:\/\/compactcube.com\/wp-content\/uploads\/elementor\/thumbs\/compact-cube-storage-facilities-cube-qmsn7y7mi545889qw02dvocv2b68ihp8a0lshlo1ga.webp\" title=\"cQuick Access PortableQuick Access Portable Storage: Secure Retrieval\" alt=\"Quick access portable storage: Notify us 48 hours ahead for secure retrieval or delivery. Store with peace of mind.\" loading=\"lazy\" \/>\t\t\t\t\t\t\t\t\t\t\t\t\t\t\t<\/div>\n\t\t\t\t<\/div>\n\t\t\t\t\t<\/div>\n\t\t\t\t<\/div>\n\t\t\t\t\t<\/div>\n\t\t\t\t<\/div>\n\t\t\t\t<\/div>","protected":false},"excerpt":{"rendered":"","protected":false},"author":5,"featured_media":0,"parent":0,"menu_order":0,"comment_status":"closed","ping_status":"closed","template":"elementor_header_footer","meta":{"_acf_changed":false,"nf_dc_page":"","footnotes":""},"class_list":["post-3233","page","type-page","status-publish","hentry"],"acf":[],"aioseo_notices":[],"_links":{"self":[{"href":"http:\/\/compactcube.com\/fr\/wp-json\/wp\/v2\/pages\/3233","targetHints":{"allow":["GET"]}}],"collection":[{"href":"http:\/\/compactcube.com\/fr\/wp-json\/wp\/v2\/pages"}],"about":[{"href":"http:\/\/compactcube.com\/fr\/wp-json\/wp\/v2\/types\/page"}],"author":[{"embeddable":true,"href":"http:\/\/compactcube.com\/fr\/wp-json\/wp\/v2\/users\/5"}],"replies":[{"embeddable":true,"href":"http:\/\/compactcube.com\/fr\/wp-json\/wp\/v2\/comments?post=3233"}],"version-history":[{"count":5,"href":"http:\/\/compactcube.com\/fr\/wp-json\/wp\/v2\/pages\/3233\/revisions"}],"predecessor-version":[{"id":11386,"href":"http:\/\/compactcube.com\/fr\/wp-json\/wp\/v2\/pages\/3233\/revisions\/11386"}],"wp:attachment":[{"href":"http:\/\/compactcube.com\/fr\/wp-json\/wp\/v2\/media?parent=3233"}],"curies":[{"name":"wp","href":"https:\/\/api.w.org\/{rel}","templated":true}]}}