{"id":2275,"date":"2023-10-09T14:59:47","date_gmt":"2023-10-09T14:59:47","guid":{"rendered":"https:\/\/compactcube.com\/?page_id=2275"},"modified":"2024-04-18T10:59:29","modified_gmt":"2024-04-18T10:59:29","slug":"faq","status":"publish","type":"page","link":"http:\/\/compactcube.com\/fr\/faq\/","title":{"rendered":"FAQ&#8217;s"},"content":{"rendered":"<div data-elementor-type=\"wp-page\" data-elementor-id=\"2275\" class=\"elementor elementor-2275\" data-elementor-post-type=\"page\">\n\t\t\t\t<div class=\"has_ae_slider elementor-element elementor-element-1ad710c e-con-full banner-d4 e-flex ae-bg-gallery-type-default e-con e-parent\" data-id=\"1ad710c\" data-element_type=\"container\" data-e-type=\"container\" data-settings=\"{&quot;background_background&quot;:&quot;classic&quot;}\">\n\t\t<div class=\"has_ae_slider elementor-element elementor-element-470cef4 e-con-full e-flex ae-bg-gallery-type-default e-con e-child\" data-id=\"470cef4\" data-element_type=\"container\" data-e-type=\"container\" data-settings=\"{&quot;background_background&quot;:&quot;classic&quot;}\">\n\t\t\t\t<div class=\"elementor-element elementor-element-052e28b elementor-align-center elementor-widget__width-initial elementor-widget elementor-widget-button\" data-id=\"052e28b\" data-element_type=\"widget\" data-e-type=\"widget\" data-no-translation=\"\" data-widget_type=\"button.default\">\n\t\t\t\t<div class=\"elementor-widget-container\">\n\t\t\t\t\t<style>.elementor-element-052e28b{display:none !important}<\/style>\t\t\t\t<\/div>\n\t\t\t\t<\/div>\n\t\t\t\t<div class=\"elementor-element elementor-element-4d086a2 elementor-align-center elementor-widget__width-initial elementor-widget elementor-widget-button\" data-id=\"4d086a2\" data-element_type=\"widget\" data-e-type=\"widget\" data-no-translation=\"\" data-widget_type=\"button.default\">\n\t\t\t\t<div class=\"elementor-widget-container\">\n\t\t\t\t\t\t\t\t\t<div class=\"elementor-button-wrapper\">\n\t\t\t\t\t<a class=\"elementor-button elementor-button-link elementor-size-lg elementor-animation-float\" href=\"http:\/\/compactcube.com\/fr\/get-a-quote\/\">\n\t\t\t\t\t\t<span class=\"elementor-button-content-wrapper\">\n\t\t\t\t\t\t\t\t\t<span class=\"elementor-button-text\">OBTENIR UNE SOUMISSION<\/span>\n\t\t\t\t\t<\/span>\n\t\t\t\t\t<\/a>\n\t\t\t\t<\/div>\n\t\t\t\t\t\t\t\t<\/div>\n\t\t\t\t<\/div>\n\t\t\t\t<\/div>\n\t\t\t\t<\/div>\n\t\t<div class=\"has_ae_slider elementor-element elementor-element-a87cc47 e-flex e-con-boxed ae-bg-gallery-type-default e-con e-parent\" data-id=\"a87cc47\" data-element_type=\"container\" data-e-type=\"container\">\n\t\t\t\t\t<div class=\"e-con-inner\">\n\t\t<div class=\"has_ae_slider elementor-element elementor-element-1981512 e-flex e-con-boxed ae-bg-gallery-type-default e-con e-child\" data-id=\"1981512\" data-element_type=\"container\" data-e-type=\"container\" data-no-translation=\"\">\n\t\t\t\t\t<div class=\"e-con-inner\">\n\t\t\t\t<div class=\"elementor-element elementor-element-8f8369b elementor-widget-tablet__width-initial elementor-widget elementor-widget-heading\" data-id=\"8f8369b\" data-element_type=\"widget\" data-e-type=\"widget\" data-widget_type=\"heading.default\">\n\t\t\t\t<div class=\"elementor-widget-container\">\n\t\t\t\t\t<h2 class=\"elementor-heading-title elementor-size-default\">Questions les plus fr\u00e9quentes<\/h2>\t\t\t\t<\/div>\n\t\t\t\t<\/div>\n\t\t\t\t\t<\/div>\n\t\t\t\t<\/div>\n\t\t\t\t<div class=\"elementor-element elementor-element-fa1343c elementor-widget__width-inherit elementor-widget elementor-widget-ae-acf-repeater\" data-id=\"fa1343c\" data-element_type=\"widget\" data-e-type=\"widget\" data-settings=\"{&quot;accordion_state&quot;:&quot;default&quot;}\" data-no-translation=\"\" data-widget_type=\"ae-acf-repeater.accordion\">\n\t\t\t\t<div class=\"elementor-widget-container\">\n\t\t\t\t\t<style>.elementor-element-fa1343c{display:none !important}<\/style>\t\t\t\t<\/div>\n\t\t\t\t<\/div>\n\t\t\t\t<div class=\"elementor-element elementor-element-393ed95 elementor-widget__width-inherit elementor-widget elementor-widget-ae-acf-repeater\" data-id=\"393ed95\" data-element_type=\"widget\" data-e-type=\"widget\" data-settings=\"{&quot;accordion_state&quot;:&quot;default&quot;}\" data-no-translation=\"\" data-widget_type=\"ae-acf-repeater.accordion\">\n\t\t\t\t<div class=\"elementor-widget-container\">\n\t\t\t\t\t\t\t<div class=\"elementor-accordion ae-accordion\" data-transition-speed=\"200\" data-tab-id=\"1850901021\">\n\t\t\t\t\t\t\t\t\t\t<div class=\"elementor-accordion-item ae-accordion-item\">\n\t\t\t\t<div id=\"elementor-tab-title-4792399731\" t_id=\"4792399731\" class=\"elementor-tab-title ae-tab-title ae-acf-repeater-accordion ae-active\" data-tab=\"1\" role=\"button\" aria-controls=\"elementor-tab-content-4792399731\">\n\t\t\t\t\t\t\t\t\t<span class=\"elementor-accordion-icon ae-accordion-icon elementor-accordion-icon-right\" aria-hidden=\"true\">\n\t\t\t\t\t\t\t\t<span class=\"elementor-accordion-icon-closed ae-accordion-icon-closed\"><svg class=\"e-font-icon-svg e-fas-plus\" viewbox=\"0 0 448 512\" xmlns=\"http:\/\/www.w3.org\/2000\/svg\"><path d=\"M416 208H272V64c0-17.67-14.33-32-32-32h-32c-17.67 0-32 14.33-32 32v144H32c-17.67 0-32 14.33-32 32v32c0 17.67 14.33 32 32 32h144v144c0 17.67 14.33 32 32 32h32c17.67 0 32-14.33 32-32V304h144c17.67 0 32-14.33 32-32v-32c0-17.67-14.33-32-32-32z\"><\/path><\/svg><\/span>\n\t\t\t\t\t\t\t\t<span class=\"elementor-accordion-icon-opened ae-accordion-icon-opened\"><svg class=\"e-font-icon-svg e-fas-minus\" viewbox=\"0 0 448 512\" xmlns=\"http:\/\/www.w3.org\/2000\/svg\"><path d=\"M416 208H32c-17.67 0-32 14.33-32 32v32c0 17.67 14.33 32 32 32h384c17.67 0 32-14.33 32-32v-32c0-17.67-14.33-32-32-32z\"><\/path><\/svg><\/span>\n\t\t\t\t\t\t\t<\/span>\n\t\t\t\t\t\t\t\t<a>Je suis pr\u00eat \u00e0 proc\u00e9der \u00e0 la r\u00e9servation de mon cube d'entreposage mobile. De quoi ai-je besoin ?<\/a>\n\t\t\t\t<\/div>\n\t\t\t\t<div id=\"elementor-tab-content-4792399731\" t_id=\"4792399731\" class=\"elementor-tab-content elementor-clearfix ae-tab-content ae-acf-repeater-accordion ae-active\" data-tab=\"1\" role=\"region\" aria-labelledby=\"elementor-tab-title-4792399731\">\n\t\t\t\t\t\t\t<div data-elementor-type=\"wp-post\" data-elementor-id=\"7799\" class=\"elementor elementor-7799\" data-elementor-post-type=\"ae_global_templates\">\n\t\t\t\t<div class=\"has_ae_slider elementor-element elementor-element-c357a4f e-flex e-con-boxed ae-bg-gallery-type-default e-con e-parent\" data-id=\"c357a4f\" data-element_type=\"container\" data-e-type=\"container\">\n\t\t\t\t\t<div class=\"e-con-inner\">\n\t\t\t\t<div class=\"elementor-element elementor-element-ea2becf elementor-widget elementor-widget-text-editor\" data-id=\"ea2becf\" data-element_type=\"widget\" data-e-type=\"widget\" data-no-translation=\"\" data-widget_type=\"text-editor.default\">\n\t\t\t\t<div class=\"elementor-widget-container\">\n\t\t\t\t\t\t\t\t\tVous devez \u00eatre \u00e2g\u00e9 de 18 ans ou plus et avoir une pi\u00e8ce d&#8217;identit\u00e9 valide avec photo \u00e9mise par le gouvernement et portant votre adresse actuelle afin de signer le contrat de location d&#8217;entreposage mobile.\r\nSi vous avez besoin de plus d&#8217;informations, n&#8217;h\u00e9sitez pas \u00e0 nous contacter au (514) 637-3333 et l&#8217;un de nos experts en solutions d&#8217;entreposage mobile se fera un plaisir de r\u00e9pondre \u00e0 toutes vos questions.\t\t\t\t\t\t\t\t<\/div>\n\t\t\t\t<\/div>\n\t\t\t\t\t<\/div>\n\t\t\t\t<\/div>\n\t\t\t\t<\/div>\n\t\t\t\t\t\t<\/div>\n\t\t\t\t<\/div>\n\t\t\t\t\t\t\t<div class=\"elementor-accordion-item ae-accordion-item\">\n\t\t\t\t<div id=\"elementor-tab-title-4792399732\" t_id=\"4792399732\" class=\"elementor-tab-title ae-tab-title ae-acf-repeater-accordion\" data-tab=\"2\" role=\"button\" aria-controls=\"elementor-tab-content-4792399732\">\n\t\t\t\t\t\t\t\t\t<span class=\"elementor-accordion-icon ae-accordion-icon elementor-accordion-icon-right\" aria-hidden=\"true\">\n\t\t\t\t\t\t\t\t<span class=\"elementor-accordion-icon-closed ae-accordion-icon-closed\"><svg class=\"e-font-icon-svg e-fas-plus\" viewbox=\"0 0 448 512\" xmlns=\"http:\/\/www.w3.org\/2000\/svg\"><path d=\"M416 208H272V64c0-17.67-14.33-32-32-32h-32c-17.67 0-32 14.33-32 32v144H32c-17.67 0-32 14.33-32 32v32c0 17.67 14.33 32 32 32h144v144c0 17.67 14.33 32 32 32h32c17.67 0 32-14.33 32-32V304h144c17.67 0 32-14.33 32-32v-32c0-17.67-14.33-32-32-32z\"><\/path><\/svg><\/span>\n\t\t\t\t\t\t\t\t<span class=\"elementor-accordion-icon-opened ae-accordion-icon-opened\"><svg class=\"e-font-icon-svg e-fas-minus\" viewbox=\"0 0 448 512\" xmlns=\"http:\/\/www.w3.org\/2000\/svg\"><path d=\"M416 208H32c-17.67 0-32 14.33-32 32v32c0 17.67 14.33 32 32 32h384c17.67 0 32-14.33 32-32v-32c0-17.67-14.33-32-32-32z\"><\/path><\/svg><\/span>\n\t\t\t\t\t\t\t<\/span>\n\t\t\t\t\t\t\t\t<a>Quels sont les objets qui ne peuvent pas \u00eatre stock\u00e9s dans votre cube d'entreposage mobile ?<\/a>\n\t\t\t\t<\/div>\n\t\t\t\t<div id=\"elementor-tab-content-4792399732\" t_id=\"4792399732\" class=\"elementor-tab-content elementor-clearfix ae-tab-content ae-acf-repeater-accordion\" data-tab=\"2\" role=\"region\" aria-labelledby=\"elementor-tab-title-4792399732\">\n\t\t\t\t\t\t\t<div data-elementor-type=\"wp-post\" data-elementor-id=\"7799\" class=\"elementor elementor-7799\" data-elementor-post-type=\"ae_global_templates\">\n\t\t\t\t<div class=\"has_ae_slider elementor-element elementor-element-c357a4f e-flex e-con-boxed ae-bg-gallery-type-default e-con e-parent\" data-id=\"c357a4f\" data-element_type=\"container\" data-e-type=\"container\">\n\t\t\t\t\t<div class=\"e-con-inner\">\n\t\t\t\t<div class=\"elementor-element elementor-element-ea2becf elementor-widget elementor-widget-text-editor\" data-id=\"ea2becf\" data-element_type=\"widget\" data-e-type=\"widget\" data-no-translation=\"\" data-widget_type=\"text-editor.default\">\n\t\t\t\t<div class=\"elementor-widget-container\">\n\t\t\t\t\t\t\t\t\tPour votre s\u00e9curit\u00e9 et celle des autres, nous interdisons l&#8217;entreposage de produits alimentaires et de substances class\u00e9es comme dangereuses ou toxiques pouvant nuire \u00e0 la sant\u00e9 et \u00e0 la s\u00e9curit\u00e9 des personnes et pouvant \u00eatre dangereuses pour l&#8217;environnement. \r\n<br><br>Il est donc interdit d&#8217;entreposer des denr\u00e9es alimentaires, des denr\u00e9es p\u00e9rissables, des liquides, des d\u00e9chets, des substances odorantes, des produits illicites, des animaux, des plantes, des produits et liquides inflammables tels que peintures, solvants, essence, propane, etc. \r\n<br><br>Il est \u00e9galement obligatoire de vidanger l&#8217;huile et le carburant des moteurs de tondeuses \u00e0 gazon, de souffleuses \u00e0 neige, de motocyclettes, etc. \r\n<br><br>Nous tenons \u00e0 pr\u00e9ciser que la liste susmentionn\u00e9e n&#8217;est pas exhaustive et peut \u00eatre \u00e9tendue \u00e0 d&#8217;autres produits.\r\n\t\t\t\t\t\t\t\t<\/div>\n\t\t\t\t<\/div>\n\t\t\t\t\t<\/div>\n\t\t\t\t<\/div>\n\t\t\t\t<\/div>\n\t\t\t\t\t\t<\/div>\n\t\t\t\t<\/div>\n\t\t\t\t\t\t\t<div class=\"elementor-accordion-item ae-accordion-item\">\n\t\t\t\t<div id=\"elementor-tab-title-4792399733\" t_id=\"4792399733\" class=\"elementor-tab-title ae-tab-title ae-acf-repeater-accordion\" data-tab=\"3\" role=\"button\" aria-controls=\"elementor-tab-content-4792399733\">\n\t\t\t\t\t\t\t\t\t<span class=\"elementor-accordion-icon ae-accordion-icon elementor-accordion-icon-right\" aria-hidden=\"true\">\n\t\t\t\t\t\t\t\t<span class=\"elementor-accordion-icon-closed ae-accordion-icon-closed\"><svg class=\"e-font-icon-svg e-fas-plus\" viewbox=\"0 0 448 512\" xmlns=\"http:\/\/www.w3.org\/2000\/svg\"><path d=\"M416 208H272V64c0-17.67-14.33-32-32-32h-32c-17.67 0-32 14.33-32 32v144H32c-17.67 0-32 14.33-32 32v32c0 17.67 14.33 32 32 32h144v144c0 17.67 14.33 32 32 32h32c17.67 0 32-14.33 32-32V304h144c17.67 0 32-14.33 32-32v-32c0-17.67-14.33-32-32-32z\"><\/path><\/svg><\/span>\n\t\t\t\t\t\t\t\t<span class=\"elementor-accordion-icon-opened ae-accordion-icon-opened\"><svg class=\"e-font-icon-svg e-fas-minus\" viewbox=\"0 0 448 512\" xmlns=\"http:\/\/www.w3.org\/2000\/svg\"><path d=\"M416 208H32c-17.67 0-32 14.33-32 32v32c0 17.67 14.33 32 32 32h384c17.67 0 32-14.33 32-32v-32c0-17.67-14.33-32-32-32z\"><\/path><\/svg><\/span>\n\t\t\t\t\t\t\t<\/span>\n\t\t\t\t\t\t\t\t<a>Quelles sont les heures auxquelles je peux avoir acc\u00e8s \u00e0 mon cube d'entreposage mobile <br><br>dans votre entrep\u00f4t ?<\/a>\n\t\t\t\t<\/div>\n\t\t\t\t<div id=\"elementor-tab-content-4792399733\" t_id=\"4792399733\" class=\"elementor-tab-content elementor-clearfix ae-tab-content ae-acf-repeater-accordion\" data-tab=\"3\" role=\"region\" aria-labelledby=\"elementor-tab-title-4792399733\">\n\t\t\t\t\t\t\t<div data-elementor-type=\"wp-post\" data-elementor-id=\"7799\" class=\"elementor elementor-7799\" data-elementor-post-type=\"ae_global_templates\">\n\t\t\t\t<div class=\"has_ae_slider elementor-element elementor-element-c357a4f e-flex e-con-boxed ae-bg-gallery-type-default e-con e-parent\" data-id=\"c357a4f\" data-element_type=\"container\" data-e-type=\"container\">\n\t\t\t\t\t<div class=\"e-con-inner\">\n\t\t\t\t<div class=\"elementor-element elementor-element-ea2becf elementor-widget elementor-widget-text-editor\" data-id=\"ea2becf\" data-element_type=\"widget\" data-e-type=\"widget\" data-no-translation=\"\" data-widget_type=\"text-editor.default\">\n\t\t\t\t<div class=\"elementor-widget-container\">\n\t\t\t\t\t\t\t\t\tVous pouvez acc\u00e9der \u00e0 votre cube d&#8217;entreposage mobile du lundi au vendredi entre 8h30 et 17h00 et le samedi matin entre 8h30 et 12h30 \u00e0 condition de nous informer de votre unit\u00e9 48 heures \u00e0 l&#8217;avance.\t\t\t\t\t\t\t\t<\/div>\n\t\t\t\t<\/div>\n\t\t\t\t\t<\/div>\n\t\t\t\t<\/div>\n\t\t\t\t<\/div>\n\t\t\t\t\t\t<\/div>\n\t\t\t\t<\/div>\n\t\t\t\t\t\t\t<div class=\"elementor-accordion-item ae-accordion-item\">\n\t\t\t\t<div id=\"elementor-tab-title-4792399734\" t_id=\"4792399734\" class=\"elementor-tab-title ae-tab-title ae-acf-repeater-accordion\" data-tab=\"4\" role=\"button\" aria-controls=\"elementor-tab-content-4792399734\">\n\t\t\t\t\t\t\t\t\t<span class=\"elementor-accordion-icon ae-accordion-icon elementor-accordion-icon-right\" aria-hidden=\"true\">\n\t\t\t\t\t\t\t\t<span class=\"elementor-accordion-icon-closed ae-accordion-icon-closed\"><svg class=\"e-font-icon-svg e-fas-plus\" viewbox=\"0 0 448 512\" xmlns=\"http:\/\/www.w3.org\/2000\/svg\"><path d=\"M416 208H272V64c0-17.67-14.33-32-32-32h-32c-17.67 0-32 14.33-32 32v144H32c-17.67 0-32 14.33-32 32v32c0 17.67 14.33 32 32 32h144v144c0 17.67 14.33 32 32 32h32c17.67 0 32-14.33 32-32V304h144c17.67 0 32-14.33 32-32v-32c0-17.67-14.33-32-32-32z\"><\/path><\/svg><\/span>\n\t\t\t\t\t\t\t\t<span class=\"elementor-accordion-icon-opened ae-accordion-icon-opened\"><svg class=\"e-font-icon-svg e-fas-minus\" viewbox=\"0 0 448 512\" xmlns=\"http:\/\/www.w3.org\/2000\/svg\"><path d=\"M416 208H32c-17.67 0-32 14.33-32 32v32c0 17.67 14.33 32 32 32h384c17.67 0 32-14.33 32-32v-32c0-17.67-14.33-32-32-32z\"><\/path><\/svg><\/span>\n\t\t\t\t\t\t\t<\/span>\n\t\t\t\t\t\t\t\t<a>Comment assurer mes objets personnels et mes meubles dans le cube d'entreposage ?<\/a>\n\t\t\t\t<\/div>\n\t\t\t\t<div id=\"elementor-tab-content-4792399734\" t_id=\"4792399734\" class=\"elementor-tab-content elementor-clearfix ae-tab-content ae-acf-repeater-accordion\" data-tab=\"4\" role=\"region\" aria-labelledby=\"elementor-tab-title-4792399734\">\n\t\t\t\t\t\t\t<div data-elementor-type=\"wp-post\" data-elementor-id=\"7799\" class=\"elementor elementor-7799\" data-elementor-post-type=\"ae_global_templates\">\n\t\t\t\t<div class=\"has_ae_slider elementor-element elementor-element-c357a4f e-flex e-con-boxed ae-bg-gallery-type-default e-con e-parent\" data-id=\"c357a4f\" data-element_type=\"container\" data-e-type=\"container\">\n\t\t\t\t\t<div class=\"e-con-inner\">\n\t\t\t\t<div class=\"elementor-element elementor-element-ea2becf elementor-widget elementor-widget-text-editor\" data-id=\"ea2becf\" data-element_type=\"widget\" data-e-type=\"widget\" data-no-translation=\"\" data-widget_type=\"text-editor.default\">\n\t\t\t\t<div class=\"elementor-widget-container\">\n\t\t\t\t\t\t\t\t\tVous pouvez transf\u00e9rer votre police d&#8217;assurance habitation \u00e0 votre unit\u00e9 d&#8217;entreposage mobile afin d&#8217;assurer vos objets personnels et vos meubles.\t\t\t\t\t\t\t\t<\/div>\n\t\t\t\t<\/div>\n\t\t\t\t\t<\/div>\n\t\t\t\t<\/div>\n\t\t\t\t<\/div>\n\t\t\t\t\t\t<\/div>\n\t\t\t\t<\/div>\n\t\t\t\t\t\t<\/div>\n\t\t\t\t\t\t\t<\/div>\n\t\t\t\t<\/div>\n\t\t\t\t\t<\/div>\n\t\t\t\t<\/div>\n\t\t\t\t<\/div>","protected":false},"excerpt":{"rendered":"<p>I am ready to proceed with my portable storage cube reservation. What do I need? Which items cannot be stored in your portable storage cube? What are the scheduled hours where I can have access to my portable storage cube at the storage facility? How do I insure my personal items and furniture in the [&hellip;]<\/p>\n","protected":false},"author":5,"featured_media":0,"parent":0,"menu_order":0,"comment_status":"closed","ping_status":"closed","template":"elementor_header_footer","meta":{"_acf_changed":false,"nf_dc_page":"","footnotes":""},"class_list":["post-2275","page","type-page","status-publish","hentry"],"acf":[],"aioseo_notices":[],"_links":{"self":[{"href":"http:\/\/compactcube.com\/fr\/wp-json\/wp\/v2\/pages\/2275","targetHints":{"allow":["GET"]}}],"collection":[{"href":"http:\/\/compactcube.com\/fr\/wp-json\/wp\/v2\/pages"}],"about":[{"href":"http:\/\/compactcube.com\/fr\/wp-json\/wp\/v2\/types\/page"}],"author":[{"embeddable":true,"href":"http:\/\/compactcube.com\/fr\/wp-json\/wp\/v2\/users\/5"}],"replies":[{"embeddable":true,"href":"http:\/\/compactcube.com\/fr\/wp-json\/wp\/v2\/comments?post=2275"}],"version-history":[{"count":5,"href":"http:\/\/compactcube.com\/fr\/wp-json\/wp\/v2\/pages\/2275\/revisions"}],"predecessor-version":[{"id":11407,"href":"http:\/\/compactcube.com\/fr\/wp-json\/wp\/v2\/pages\/2275\/revisions\/11407"}],"wp:attachment":[{"href":"http:\/\/compactcube.com\/fr\/wp-json\/wp\/v2\/media?parent=2275"}],"curies":[{"name":"wp","href":"https:\/\/api.w.org\/{rel}","templated":true}]}}