{"id":10602,"date":"2024-01-18T09:30:42","date_gmt":"2024-01-18T09:30:42","guid":{"rendered":"https:\/\/compactcube.com\/?page_id=10602"},"modified":"2024-04-29T11:36:38","modified_gmt":"2024-04-29T11:36:38","slug":"get-a-quote","status":"publish","type":"page","link":"http:\/\/compactcube.com\/fr\/get-a-quote\/","title":{"rendered":"Get a quote"},"content":{"rendered":"<div data-elementor-type=\"wp-page\" data-elementor-id=\"10602\" class=\"elementor elementor-10602\" data-elementor-post-type=\"page\">\n\t\t\t\t<div class=\"has_ae_slider elementor-element elementor-element-8693976 e-flex e-con-boxed ae-bg-gallery-type-default e-con e-parent\" data-id=\"8693976\" data-element_type=\"container\" data-e-type=\"container\" data-settings=\"{&quot;background_background&quot;:&quot;classic&quot;}\">\n\t\t\t\t\t<div class=\"e-con-inner\">\n\t\t<div class=\"has_ae_slider elementor-element elementor-element-58856b3 e-flex e-con-boxed ae-bg-gallery-type-default e-con e-child\" data-id=\"58856b3\" data-element_type=\"container\" data-e-type=\"container\" data-settings=\"{&quot;background_background&quot;:&quot;classic&quot;}\">\n\t\t\t\t\t<div class=\"e-con-inner\">\n\t\t<div class=\"has_ae_slider elementor-element elementor-element-dcb3b38 e-flex e-con-boxed ae-bg-gallery-type-default e-con e-child\" data-id=\"dcb3b38\" data-element_type=\"container\" data-e-type=\"container\">\n\t\t\t\t\t<div class=\"e-con-inner\">\n\t\t<div class=\"has_ae_slider elementor-element elementor-element-71e0f2b e-con-full e-flex ae-bg-gallery-type-default e-con e-child\" data-id=\"71e0f2b\" data-element_type=\"container\" data-e-type=\"container\">\n\t\t\t\t<div class=\"elementor-element elementor-element-7deb532 elementor-widget elementor-widget-text-editor\" data-id=\"7deb532\" data-element_type=\"widget\" data-e-type=\"widget\" data-no-translation=\"\" data-widget_type=\"text-editor.default\">\n\t\t\t\t<div class=\"elementor-widget-container\">\n\t\t\t\t\t<style>.elementor-element-7deb532{display:none !important}<\/style>\t\t\t\t<\/div>\n\t\t\t\t<\/div>\n\t\t\t\t<div class=\"elementor-element elementor-element-07e37d6 elementor-widget elementor-widget-text-editor\" data-id=\"07e37d6\" data-element_type=\"widget\" data-e-type=\"widget\" data-no-translation=\"\" data-widget_type=\"text-editor.default\">\n\t\t\t\t<div class=\"elementor-widget-container\">\n\t\t\t\t\t\t\t\t\t<div style='text-align: center'><b><u><span style='font-size: 100%'>OBTENIR UNE SOUMISSION<\/div><\/b><\/u><\/span>\r\n<br>Merci de compl\u00e9ter le formulaire ci-dessous. Un de nos sp\u00e9cialistes en d\u00e9m\u00e9nagement et en entreposage mobile vous contactera dans les plus brefs d\u00e9lais pour vous aider \u00e0 r\u00e9pondre \u00e0 vos besoins. Pour toute assistance suppl\u00e9mentaire, n&#8217;h\u00e9sitez pas \u00e0 nous contacter au (514) 634-6565.\t\t\t\t\t\t\t\t<\/div>\n\t\t\t\t<\/div>\n\t\t\t\t<div class=\"elementor-element elementor-element-a86e49c e-n-tabs-none elementor-widget elementor-widget-n-tabs\" data-id=\"a86e49c\" data-element_type=\"widget\" data-e-type=\"widget\" data-settings=\"{&quot;horizontal_scroll&quot;:&quot;disable&quot;}\" data-widget_type=\"nested-tabs.default\">\n\t\t\t\t<div class=\"elementor-widget-container\">\n\t\t\t\t\t\t\t<div class=\"e-n-tabs\" data-widget-number=\"176612508\" aria-label=\"Tabs. Open items with Enter or Space, close with Escape and navigate using the Arrow keys.\">\n\t\t\t<div class=\"e-n-tabs-heading\" role=\"tablist\">\n\t\t\t\t\t<button id=\"e-n-tab-title-1766125081\" data-tab-title-id=\"e-n-tab-title-1766125081\" class=\"e-n-tab-title\" aria-selected=\"true\" data-tab-index=\"1\" role=\"tab\" tabindex=\"0\" aria-controls=\"e-n-tab-content-1766125081\" style=\"--n-tabs-title-order: 1;\">\n\t\t\t\t\t\t<span class=\"e-n-tab-title-text\">\n\t\t\t\tRESIDENTIEL\t\t\t<\/span>\n\t\t<\/button>\n\t\t\t\t<button id=\"e-n-tab-title-1766125082\" data-tab-title-id=\"e-n-tab-title-1766125082\" class=\"e-n-tab-title\" aria-selected=\"false\" data-tab-index=\"2\" role=\"tab\" tabindex=\"-1\" aria-controls=\"e-n-tab-content-1766125082\" style=\"--n-tabs-title-order: 2;\">\n\t\t\t\t\t\t<span class=\"e-n-tab-title-text\">\n\t\t\t\tENTREPRISE\t\t\t<\/span>\n\t\t<\/button>\n\t\t\t\t\t<\/div>\n\t\t\t<div class=\"e-n-tabs-content\">\n\t\t\t\t<div class=\"has_ae_slider e-active elementor-element elementor-element-feb7724 e-flex e-con-boxed ae-bg-gallery-type-default e-con e-child\" id=\"e-n-tab-content-1766125081\" role=\"tabpanel\" aria-labelledby=\"e-n-tab-title-1766125081\" data-tab-index=\"1\" style=\"--n-tabs-title-order: 1;\" data-id=\"feb7724\" data-element_type=\"container\" data-e-type=\"container\">\n\t\t\t\t\t<div class=\"e-con-inner\">\n\t\t\t\t<div class=\"elementor-element elementor-element-a1f8e1e elementor-widget elementor-widget-shortcode\" data-id=\"a1f8e1e\" data-element_type=\"widget\" data-e-type=\"widget\" data-widget_type=\"shortcode.default\">\n\t\t\t\t<div class=\"elementor-widget-container\">\n\t\t\t\t\t\t\t<div class=\"elementor-shortcode\"><div class=\"forminator-ui forminator-custom-form forminator-custom-form-10037 forminator-design--flat  forminator_ajax\" data-forminator-render=\"0\" data-form=\"forminator-module-10037\" data-uid=\"69e0f0088e9c7\"><br\/><\/div><form\n\t\t\t\tid=\"forminator-module-10037\"\n\t\t\t\tclass=\"forminator-ui forminator-custom-form forminator-custom-form-10037 forminator-design--flat  forminator_ajax\"\n\t\t\t\tmethod=\"post\"\n\t\t\t\tdata-forminator-render=\"0\"\n\t\t\t\tdata-form-id=\"10037\"\n\t\t\t\t data-color-option=\"default\" data-design=\"flat\" data-grid=\"open\" style=\"display: none;\"\n\t\t\t\tdata-uid=\"69e0f0088e9c7\" action=\"\"\n\t\t\t><div role=\"alert\" aria-live=\"polite\" class=\"forminator-response-message forminator-error\" aria-hidden=\"true\"><\/div><div class=\"forminator-row\"><div id=\"name-5\" class=\"forminator-field-name forminator-col forminator-col-6\"><div class=\"forminator-field\"><label for=\"forminator-field-name-5_69e0f0088e9c7\" id=\"forminator-field-name-5_69e0f0088e9c7-label\" class=\"forminator-label\">Pr\u00e9nom <span class=\"forminator-required\">*<\/span><\/label><input type=\"text\" name=\"name-5\" value=\"\" placeholder=\"Par ex. John\" id=\"forminator-field-name-5_69e0f0088e9c7\" class=\"forminator-input forminator-name--field\" aria-required=\"true\" autocomplete=\"name\" \/><\/div><\/div><div id=\"name-6\" class=\"forminator-field-name forminator-col forminator-col-6\"><div class=\"forminator-field\"><label for=\"forminator-field-name-6_69e0f0088e9c7\" id=\"forminator-field-name-6_69e0f0088e9c7-label\" class=\"forminator-label\">Nom <span class=\"forminator-required\">*<\/span><\/label><input type=\"text\" name=\"name-6\" value=\"\" placeholder=\"Par ex. Perkins\" id=\"forminator-field-name-6_69e0f0088e9c7\" class=\"forminator-input forminator-name--field\" aria-required=\"true\" autocomplete=\"name\" \/><\/div><\/div><\/div><div class=\"forminator-row\"><div id=\"email-3\" class=\"forminator-field-email forminator-col forminator-col-6\"><div class=\"forminator-field\"><label for=\"forminator-field-email-3_69e0f0088e9c7\" id=\"forminator-field-email-3_69e0f0088e9c7-label\" class=\"forminator-label\">Adresse e-mail <span class=\"forminator-required\">*<\/span><\/label><input type=\"email\" name=\"email-3\" value=\"\" placeholder=\"Par ex. john@doe.com\" id=\"forminator-field-email-3_69e0f0088e9c7\" class=\"forminator-input forminator-email--field\" data-required=\"true\" aria-required=\"true\" autocomplete=\"email\" \/><\/div><\/div><div id=\"phone-3\" class=\"forminator-field-phone forminator-col forminator-col-6\"><div class=\"forminator-field\"><label for=\"forminator-field-phone-3_69e0f0088e9c7\" id=\"forminator-field-phone-3_69e0f0088e9c7-label\" class=\"forminator-label\">Num\u00e9ro de t\u00e9l\u00e9phone <span class=\"forminator-required\">*<\/span><\/label><input type=\"text\" name=\"phone-3\" value=\"\" placeholder=\"Par ex. +1 3004005000\" id=\"forminator-field-phone-3_69e0f0088e9c7\" class=\"forminator-input forminator-field--phone\" data-required=\"1\" aria-required=\"true\" autocomplete=\"off\" data-national_mode=\"enabled\" data-country=\"ca\" data-validation=\"standard\" \/><\/div><\/div><\/div><div class=\"forminator-row\"><div id=\"date-3\" class=\"forminator-field-date forminator-col forminator-col-6  date-form-in\"><div class=\"forminator-field\"><label for=\"forminator-field-date-3-picker_69e0f0088e9c7\" id=\"forminator-field-date-3-picker_69e0f0088e9c7-label\" class=\"forminator-label\">Date de d\u00e9but de stockage<\/label><div class=\"forminator-input-with-icon\"><span class=\"forminator-icon-calendar\" aria-hidden=\"true\"><\/span><input autocomplete=\"off\" type=\"text\" size=\"1\" name=\"date-3\" value=\"\" placeholder=\"Choisissez la date de d\u00e9but\" id=\"forminator-field-date-3-picker_69e0f0088e9c7\" class=\"forminator-input forminator-datepicker\" data-required=\"\" data-format=\"mm\/dd\/yy\" data-restrict-type=\"\" data-restrict=\"\" data-start-year=\"2026\" data-end-year=\"2126\" data-past-dates=\"enable\" data-start-of-week=\"1\" data-start-date=\"2026-04-16\" data-end-date=\"\" data-start-field=\"\" data-end-field=\"date-4\" data-start-offset=\"\" data-end-offset=\"-_1_days\" data-disable-date=\"\" data-disable-range=\"\" \/><\/div><\/div><\/div><div id=\"date-4\" class=\"forminator-field-date forminator-col forminator-col-6  date-form-in\"><div class=\"forminator-field\"><label for=\"forminator-field-date-4-picker_69e0f0088e9c7\" id=\"forminator-field-date-4-picker_69e0f0088e9c7-label\" class=\"forminator-label\">Date de fin de stockage<\/label><div class=\"forminator-input-with-icon\"><span class=\"forminator-icon-calendar\" aria-hidden=\"true\"><\/span><input autocomplete=\"off\" type=\"text\" size=\"1\" name=\"date-4\" value=\"\" placeholder=\"Choisissez la date de fin\" id=\"forminator-field-date-4-picker_69e0f0088e9c7\" class=\"forminator-input forminator-datepicker\" data-required=\"\" data-format=\"mm\/dd\/yy\" data-restrict-type=\"all\" data-restrict=\"\" data-start-year=\"2024\" data-end-year=\"2126\" data-past-dates=\"enable\" data-start-of-week=\"1\" data-start-date=\"\" data-end-date=\"\" data-start-field=\"date-3\" data-end-field=\"\" data-start-offset=\"+_1_days\" data-end-offset=\"\" data-disable-date=\"\" data-disable-range=\"\" \/><\/div><\/div><\/div><\/div><div class=\"forminator-row\"><div id=\"radio-1\" class=\"forminator-field-radio forminator-col forminator-col-6  radio-form\"><div role=\"radiogroup\" class=\"forminator-field\" aria-labelledby=\"forminator-radiogroup-radio-1-69e0f0088e9c7-label\"><span id=\"forminator-radiogroup-radio-1-69e0f0088e9c7-label\" class=\"forminator-label\">O\u00f9 souhaiteriez-vous stocker votre cube ?<\/span><label id=\"forminator-field-radio-1-label-1\" for=\"forminator-field-radio-1-1-69e0f0088e9c7\" class=\"forminator-radio forminator-radio-inline\" title=\"Votre\u00a0porte\"><input type=\"radio\" name=\"radio-1\" value=\"one\" id=\"forminator-field-radio-1-1-69e0f0088e9c7\" aria-labelledby=\"forminator-field-radio-1-label-1\" data-calculation=\"0\"   data-hidden-behavior=\"zero\"\/><span class=\"forminator-radio-bullet\" aria-hidden=\"true\"><\/span><span class=\"forminator-radio-label\">Votre\u00a0porte<\/span><\/label><label id=\"forminator-field-radio-1-label-2\" for=\"forminator-field-radio-1-2-69e0f0088e9c7\" class=\"forminator-radio forminator-radio-inline\" title=\"Notre site d\u2019entreposage\"><input type=\"radio\" name=\"radio-1\" value=\"two\" id=\"forminator-field-radio-1-2-69e0f0088e9c7\" aria-labelledby=\"forminator-field-radio-1-label-2\" data-calculation=\"0\"   data-hidden-behavior=\"zero\"\/><span class=\"forminator-radio-bullet\" aria-hidden=\"true\"><\/span><span class=\"forminator-radio-label\">Notre site d\u2019entreposage<\/span><\/label><\/div><\/div><div id=\"captcha-1\" class=\"forminator-field-captcha forminator-col forminator-col-6\"><div class=\"forminator-captcha-left forminator-g-recaptcha recaptcha-invisible\" data-theme=\"light\" data-badge=\"inline\" data-sitekey=\"6LdDzrUpAAAAAOi8avgyYAxZ7sNocC42nWitEmou\" data-size=\"invisible\"><\/div> <\/div><\/div><div class=\"forminator-row forminator-hidden\"><div id=\"hidden-1\" class=\"forminator-field-hidden  forminator-col-12\"><input type=\"hidden\" id=\"hidden-1_69e0f0088e9c7\" name=\"hidden-1\" value=\"http:\/\/compactcube.com\/fr\/get-a-quote\/\" \/><\/div><\/div><input type=\"hidden\" name=\"referer_url\" value=\"\" \/><div class=\"forminator-row forminator-row-last\"><div class=\"forminator-col\"><div class=\"forminator-field\"><button class=\"forminator-button forminator-button-submit submit-form\">SOUMETTRE<\/button><\/div><\/div><\/div><input type=\"hidden\" id=\"forminator_nonce\" name=\"forminator_nonce\" value=\"8096456ad0\" \/><input type=\"hidden\" name=\"_wp_http_referer\" value=\"\/fr\/wp-json\/wp\/v2\/pages\/10602\" \/><input type=\"hidden\" name=\"form_id\" value=\"10037\"><input type=\"hidden\" name=\"page_id\" value=\"10602\"><input type=\"hidden\" name=\"form_type\" value=\"default\"><input type=\"hidden\" name=\"current_url\" value=\"http:\/\/compactcube.com\/fr\/get-a-quote\/\"><input type=\"hidden\" name=\"render_id\" value=\"0\"><input type=\"hidden\" name=\"action\" value=\"forminator_submit_form_custom-forms\"><input type=\"hidden\" name=\"trp-form-language\" value=\"fr\"\/><\/form><\/div>\n\t\t\t\t\t\t<\/div>\n\t\t\t\t<\/div>\n\t\t\t\t\t<\/div>\n\t\t\t\t<\/div>\n\t\t<div class=\"has_ae_slider  elementor-element elementor-element-d7eaff1 e-con-full e-flex ae-bg-gallery-type-default e-con e-child\" id=\"e-n-tab-content-1766125082\" role=\"tabpanel\" aria-labelledby=\"e-n-tab-title-1766125082\" data-tab-index=\"2\" style=\"--n-tabs-title-order: 2;\" data-id=\"d7eaff1\" data-element_type=\"container\" data-e-type=\"container\">\n\t\t\t\t<div class=\"elementor-element elementor-element-1dd938d elementor-widget elementor-widget-shortcode\" data-id=\"1dd938d\" data-element_type=\"widget\" data-e-type=\"widget\" data-widget_type=\"shortcode.default\">\n\t\t\t\t<div class=\"elementor-widget-container\">\n\t\t\t\t\t\t\t<div class=\"elementor-shortcode\"><div class=\"forminator-ui forminator-custom-form forminator-custom-form-10029 forminator-design--flat  forminator_ajax\" data-forminator-render=\"0\" data-form=\"forminator-module-10029\" data-uid=\"69e0f008915c4\"><br\/><\/div><form\n\t\t\t\tid=\"forminator-module-10029\"\n\t\t\t\tclass=\"forminator-ui forminator-custom-form forminator-custom-form-10029 forminator-design--flat  forminator_ajax\"\n\t\t\t\tmethod=\"post\"\n\t\t\t\tdata-forminator-render=\"0\"\n\t\t\t\tdata-form-id=\"10029\"\n\t\t\t\t data-color-option=\"default\" data-design=\"flat\" data-grid=\"open\" style=\"display: none;\"\n\t\t\t\tdata-uid=\"69e0f008915c4\" action=\"\"\n\t\t\t><div role=\"alert\" aria-live=\"polite\" class=\"forminator-response-message forminator-error\" aria-hidden=\"true\"><\/div><div class=\"forminator-row\"><div id=\"text-1\" class=\"forminator-field-text forminator-col forminator-col-12\"><div class=\"forminator-field\"><label for=\"forminator-field-text-1_69e0f008915c4\" id=\"forminator-field-text-1_69e0f008915c4-label\" class=\"forminator-label\">Nom de l\u2019entreprise<\/label><input type=\"text\" name=\"text-1\" value=\"\" placeholder=\"Par ex. Compact Cube\" id=\"forminator-field-text-1_69e0f008915c4\" class=\"forminator-input forminator-name--field\" data-required=\"\" \/><\/div><\/div><\/div><div class=\"forminator-row\"><div id=\"name-7\" class=\"forminator-field-name forminator-col forminator-col-6\"><div class=\"forminator-field\"><label for=\"forminator-field-name-7_69e0f008915c4\" id=\"forminator-field-name-7_69e0f008915c4-label\" class=\"forminator-label\">Pr\u00e9nom <span class=\"forminator-required\">*<\/span><\/label><input type=\"text\" name=\"name-7\" value=\"\" placeholder=\"Par ex. John\" id=\"forminator-field-name-7_69e0f008915c4\" class=\"forminator-input forminator-name--field\" aria-required=\"true\" autocomplete=\"name\" \/><\/div><\/div><div id=\"name-8\" class=\"forminator-field-name forminator-col forminator-col-6\"><div class=\"forminator-field\"><label for=\"forminator-field-name-8_69e0f008915c4\" id=\"forminator-field-name-8_69e0f008915c4-label\" class=\"forminator-label\">Nom <span class=\"forminator-required\">*<\/span><\/label><input type=\"text\" name=\"name-8\" value=\"\" placeholder=\"Par ex. Perkins\" id=\"forminator-field-name-8_69e0f008915c4\" class=\"forminator-input forminator-name--field\" aria-required=\"true\" autocomplete=\"name\" \/><\/div><\/div><\/div><div class=\"forminator-row\"><div id=\"email-4\" class=\"forminator-field-email forminator-col forminator-col-6\"><div class=\"forminator-field\"><label for=\"forminator-field-email-4_69e0f008915c4\" id=\"forminator-field-email-4_69e0f008915c4-label\" class=\"forminator-label\">Adresse e-mail <span class=\"forminator-required\">*<\/span><\/label><input type=\"email\" name=\"email-4\" value=\"\" placeholder=\"Par ex. john@doe.com\" id=\"forminator-field-email-4_69e0f008915c4\" class=\"forminator-input forminator-email--field\" data-required=\"true\" aria-required=\"true\" autocomplete=\"email\" \/><\/div><\/div><div id=\"phone-4\" class=\"forminator-field-phone forminator-col forminator-col-6\"><div class=\"forminator-field\"><label for=\"forminator-field-phone-4_69e0f008915c4\" id=\"forminator-field-phone-4_69e0f008915c4-label\" class=\"forminator-label\">Num\u00e9ro de t\u00e9l\u00e9phone <span class=\"forminator-required\">*<\/span><\/label><input type=\"text\" name=\"phone-4\" value=\"\" placeholder=\"Par ex. +1 3004005000\" id=\"forminator-field-phone-4_69e0f008915c4\" class=\"forminator-input forminator-field--phone\" data-required=\"1\" aria-required=\"true\" autocomplete=\"off\" data-national_mode=\"enabled\" data-country=\"ca\" data-validation=\"standard\" \/><\/div><\/div><\/div><div class=\"forminator-row\"><div id=\"date-1\" class=\"forminator-field-date forminator-col forminator-col-6  date-form\"><div class=\"forminator-field\"><label for=\"forminator-field-date-1-picker_69e0f008915c4\" id=\"forminator-field-date-1-picker_69e0f008915c4-label\" class=\"forminator-label\">Date de d\u00e9but de stockage<\/label><div class=\"forminator-input-with-icon\"><span class=\"forminator-icon-calendar\" aria-hidden=\"true\"><\/span><input autocomplete=\"off\" type=\"text\" size=\"1\" name=\"date-1\" value=\"\" placeholder=\"Choisissez la date de d\u00e9but\" id=\"forminator-field-date-1-picker_69e0f008915c4\" class=\"forminator-input forminator-datepicker\" data-required=\"\" data-format=\"mm\/dd\/yy\" data-restrict-type=\"\" data-restrict=\"\" data-start-year=\"2026\" data-end-year=\"2126\" data-past-dates=\"enable\" data-start-of-week=\"1\" data-start-date=\"2026-04-16\" data-end-date=\"\" data-start-field=\"\" data-end-field=\"date-2\" data-start-offset=\"\" data-end-offset=\"-_1_days\" data-disable-date=\"\" data-disable-range=\"\" \/><\/div><\/div><\/div><div id=\"date-2\" class=\"forminator-field-date forminator-col forminator-col-6  date-form\"><div class=\"forminator-field\"><label for=\"forminator-field-date-2-picker_69e0f008915c4\" id=\"forminator-field-date-2-picker_69e0f008915c4-label\" class=\"forminator-label\">Date de fin de stockage<\/label><div class=\"forminator-input-with-icon\"><span class=\"forminator-icon-calendar\" aria-hidden=\"true\"><\/span><input autocomplete=\"off\" type=\"text\" size=\"1\" name=\"date-2\" value=\"\" placeholder=\"Choisissez la date de fin\" id=\"forminator-field-date-2-picker_69e0f008915c4\" class=\"forminator-input forminator-datepicker\" data-required=\"\" data-format=\"mm\/dd\/yy\" data-restrict-type=\"all\" data-restrict=\"\" data-start-year=\"1926\" data-end-year=\"2126\" data-past-dates=\"enable\" data-start-of-week=\"1\" data-start-date=\"\" data-end-date=\"\" data-start-field=\"date-1\" data-end-field=\"\" data-start-offset=\"+_1_days\" data-end-offset=\"\" data-disable-date=\"\" data-disable-range=\"\" \/><\/div><\/div><\/div><\/div><div class=\"forminator-row\"><div id=\"radio-1\" class=\"forminator-field-radio forminator-col forminator-col-6  radio-form\"><div role=\"radiogroup\" class=\"forminator-field\" aria-labelledby=\"forminator-radiogroup-radio-1-69e0f008915c4-label\"><span id=\"forminator-radiogroup-radio-1-69e0f008915c4-label\" class=\"forminator-label\">O\u00f9 souhaiteriez-vous stocker votre cube ?<\/span><label id=\"forminator-field-radio-1-label-1\" for=\"forminator-field-radio-1-1-69e0f008915c4\" class=\"forminator-radio forminator-radio-inline\" title=\"Votre\u00a0porte\"><input type=\"radio\" name=\"radio-1\" value=\"one\" id=\"forminator-field-radio-1-1-69e0f008915c4\" aria-labelledby=\"forminator-field-radio-1-label-1\" data-calculation=\"0\"   data-hidden-behavior=\"zero\"\/><span class=\"forminator-radio-bullet\" aria-hidden=\"true\"><\/span><span class=\"forminator-radio-label\">Votre\u00a0porte<\/span><\/label><label id=\"forminator-field-radio-1-label-2\" for=\"forminator-field-radio-1-2-69e0f008915c4\" class=\"forminator-radio forminator-radio-inline\" title=\"Notre site d\u2019entreposage\"><input type=\"radio\" name=\"radio-1\" value=\"two\" id=\"forminator-field-radio-1-2-69e0f008915c4\" aria-labelledby=\"forminator-field-radio-1-label-2\" data-calculation=\"0\"   data-hidden-behavior=\"zero\"\/><span class=\"forminator-radio-bullet\" aria-hidden=\"true\"><\/span><span class=\"forminator-radio-label\">Notre site d\u2019entreposage<\/span><\/label><\/div><\/div><div id=\"captcha-1\" class=\"forminator-field-captcha forminator-col forminator-col-6\"><div class=\"forminator-captcha-left forminator-g-recaptcha recaptcha-invisible\" data-theme=\"light\" data-badge=\"inline\" data-sitekey=\"6LdDzrUpAAAAAOi8avgyYAxZ7sNocC42nWitEmou\" data-size=\"invisible\"><\/div> <\/div><\/div><div class=\"forminator-row forminator-hidden\"><div id=\"hidden-1\" class=\"forminator-field-hidden  forminator-col-12\"><input type=\"hidden\" id=\"hidden-1_69e0f008915c4\" name=\"hidden-1\" value=\"http:\/\/compactcube.com\/fr\/get-a-quote\/\" \/><\/div><\/div><input type=\"hidden\" name=\"referer_url\" value=\"\" \/><div class=\"forminator-row forminator-row-last\"><div class=\"forminator-col\"><div class=\"forminator-field\"><button class=\"forminator-button forminator-button-submit submit-form\">SOUMETTRE<\/button><\/div><\/div><\/div><input type=\"hidden\" id=\"forminator_nonce\" name=\"forminator_nonce\" value=\"cbfae942ea\" \/><input type=\"hidden\" name=\"_wp_http_referer\" value=\"\/fr\/wp-json\/wp\/v2\/pages\/10602\" \/><input type=\"hidden\" name=\"form_id\" value=\"10029\"><input type=\"hidden\" name=\"page_id\" value=\"10602\"><input type=\"hidden\" name=\"form_type\" value=\"default\"><input type=\"hidden\" name=\"current_url\" value=\"http:\/\/compactcube.com\/fr\/get-a-quote\/\"><input type=\"hidden\" name=\"render_id\" value=\"0\"><input type=\"hidden\" name=\"action\" value=\"forminator_submit_form_custom-forms\"><input type=\"hidden\" name=\"trp-form-language\" value=\"fr\"\/><\/form><\/div>\n\t\t\t\t\t\t<\/div>\n\t\t\t\t<\/div>\n\t\t\t\t<div class=\"elementor-element elementor-element-31526df elementor-hidden-desktop elementor-hidden-tablet elementor-hidden-mobile elementor-widget elementor-widget-shortcode\" data-id=\"31526df\" data-element_type=\"widget\" data-e-type=\"widget\" data-widget_type=\"shortcode.default\">\n\t\t\t\t<div class=\"elementor-widget-container\">\n\t\t\t\t\t\t\t<div class=\"elementor-shortcode\"><\/div>\n\t\t\t\t\t\t<\/div>\n\t\t\t\t<\/div>\n\t\t\t\t<\/div>\n\t\t\t\t\t<\/div>\n\t\t<\/div>\n\t\t\t\t\t\t<\/div>\n\t\t\t\t<\/div>\n\t\t\t\t<\/div>\n\t\t\t\t\t<\/div>\n\t\t\t\t<\/div>\n\t\t\t\t\t<\/div>\n\t\t\t\t<\/div>\n\t\t\t\t<div class=\"elementor-element elementor-element-92425d0 elementor-widget-divider--view-line elementor-widget elementor-widget-divider\" data-id=\"92425d0\" data-element_type=\"widget\" data-e-type=\"widget\" data-widget_type=\"divider.default\">\n\t\t\t\t<div class=\"elementor-widget-container\">\n\t\t\t\t\t<style>.elementor-element-92425d0{display:none !important}<\/style>\t\t\t\t<\/div>\n\t\t\t\t<\/div>\n\t\t\t\t\t<\/div>\n\t\t\t\t<\/div>\n\t\t\t\t<\/div>","protected":false},"excerpt":{"rendered":"<p>RESIDENTIAL BUSINESS<\/p>","protected":false},"author":5,"featured_media":0,"parent":0,"menu_order":0,"comment_status":"closed","ping_status":"closed","template":"elementor_header_footer","meta":{"_acf_changed":false,"nf_dc_page":"","footnotes":""},"class_list":["post-10602","page","type-page","status-publish","hentry"],"acf":[],"aioseo_notices":[],"_links":{"self":[{"href":"http:\/\/compactcube.com\/fr\/wp-json\/wp\/v2\/pages\/10602","targetHints":{"allow":["GET"]}}],"collection":[{"href":"http:\/\/compactcube.com\/fr\/wp-json\/wp\/v2\/pages"}],"about":[{"href":"http:\/\/compactcube.com\/fr\/wp-json\/wp\/v2\/types\/page"}],"author":[{"embeddable":true,"href":"http:\/\/compactcube.com\/fr\/wp-json\/wp\/v2\/users\/5"}],"replies":[{"embeddable":true,"href":"http:\/\/compactcube.com\/fr\/wp-json\/wp\/v2\/comments?post=10602"}],"version-history":[{"count":5,"href":"http:\/\/compactcube.com\/fr\/wp-json\/wp\/v2\/pages\/10602\/revisions"}],"predecessor-version":[{"id":11443,"href":"http:\/\/compactcube.com\/fr\/wp-json\/wp\/v2\/pages\/10602\/revisions\/11443"}],"wp:attachment":[{"href":"http:\/\/compactcube.com\/fr\/wp-json\/wp\/v2\/media?parent=10602"}],"curies":[{"name":"wp","href":"https:\/\/api.w.org\/{rel}","templated":true}]}}